{"id":1314,"date":"2024-09-30T16:12:30","date_gmt":"2024-09-30T14:12:30","guid":{"rendered":"https:\/\/businessenglishavenue.com\/?post_type=product&#038;p=1314"},"modified":"2025-06-11T14:35:44","modified_gmt":"2025-06-11T12:35:44","slug":"c1-level","status":"publish","type":"product","link":"https:\/\/businessenglishavenue.com\/es\/producto\/c1-level\/","title":{"rendered":"NIVEL C1"},"content":{"rendered":"","protected":false},"excerpt":{"rendered":"<p>Este curso le proporciona plena fluidez en ingl\u00e9s profesional, ayud\u00e1ndole a expresarse de forma persuasiva y clara en entornos de alto nivel. Abarca temas complejos como la \u00e9tica empresarial, la inteligencia emocional en el liderazgo y las tendencias actuales en el mundo corporativo. Ideal para profesionales que necesitan negociar, presentar ideas o dirigir equipos en ingl\u00e9s con confianza y precisi\u00f3n.<\/p>","protected":false},"featured_media":1310,"comment_status":"open","ping_status":"closed","template":"","meta":{"site-sidebar-layout":"default","site-content-layout":"","ast-site-content-layout":"default","site-content-style":"default","site-sidebar-style":"default","ast-global-header-display":"","ast-banner-title-visibility":"","ast-main-header-display":"","ast-hfb-above-header-display":"","ast-hfb-below-header-display":"","ast-hfb-mobile-header-display":"","site-post-title":"","ast-breadcrumbs-content":"","ast-featured-img":"","footer-sml-layout":"","ast-disable-related-posts":"","theme-transparent-header-meta":"default","adv-header-id-meta":"","stick-header-meta":"","header-above-stick-meta":"","header-main-stick-meta":"","header-below-stick-meta":"","astra-migrate-meta-layouts":"set","ast-page-background-enabled":"default","ast-page-background-meta":{"desktop":{"background-color":"","background-image":"","background-repeat":"repeat","background-position":"center center","background-size":"auto","background-attachment":"scroll","background-type":"","background-media":"","overlay-type":"","overlay-color":"","overlay-opacity":"","overlay-gradient":""},"tablet":{"background-color":"","background-image":"","background-repeat":"repeat","background-position":"center center","background-size":"auto","background-attachment":"scroll","background-type":"","background-media":"","overlay-type":"","overlay-color":"","overlay-opacity":"","overlay-gradient":""},"mobile":{"background-color":"","background-image":"","background-repeat":"repeat","background-position":"center center","background-size":"auto","background-attachment":"scroll","background-type":"","background-media":"","overlay-type":"","overlay-color":"","overlay-opacity":"","overlay-gradient":""}},"ast-content-background-meta":{"desktop":{"background-color":"var(--ast-global-color-5)","background-image":"","background-repeat":"repeat","background-position":"center center","background-size":"auto","background-attachment":"scroll","background-type":"","background-media":"","overlay-type":"","overlay-color":"","overlay-opacity":"","overlay-gradient":""},"tablet":{"background-color":"var(--ast-global-color-5)","background-image":"","background-repeat":"repeat","background-position":"center center","background-size":"auto","background-attachment":"scroll","background-type":"","background-media":"","overlay-type":"","overlay-color":"","overlay-opacity":"","overlay-gradient":""},"mobile":{"background-color":"var(--ast-global-color-5)","background-image":"","background-repeat":"repeat","background-position":"center center","background-size":"auto","background-attachment":"scroll","background-type":"","background-media":"","overlay-type":"","overlay-color":"","overlay-opacity":"","overlay-gradient":""}}},"product_brand":[],"product_cat":[23],"product_tag":[],"class_list":{"0":"post-1314","1":"product","2":"type-product","3":"status-publish","4":"has-post-thumbnail","6":"product_cat-sin-categorizar","7":"desktop-align-left","8":"tablet-align-left","9":"mobile-align-left","11":"first","12":"instock","13":"sold-individually","14":"shipping-taxable","15":"purchasable","16":"product-type-simple"},"yoast_head":"<!-- This site is optimized with the Yoast SEO plugin v27.4 - https:\/\/yoast.com\/product\/yoast-seo-wordpress\/ -->\n<title>C1 LEVEL - English Avenue<\/title>\n<meta name=\"robots\" content=\"index, follow, max-snippet:-1, max-image-preview:large, max-video-preview:-1\" \/>\n<link rel=\"canonical\" href=\"https:\/\/businessenglishavenue.com\/es\/producto\/c1-level\/\" \/>\n<meta property=\"og:locale\" content=\"es_ES\" \/>\n<meta property=\"og:type\" content=\"article\" \/>\n<meta property=\"og:title\" content=\"C1 LEVEL - English Avenue\" \/>\n<meta property=\"og:description\" content=\"This course provides you with full fluency in professional English, helping you to express yourself persuasively and clearly in high-level environments. It covers complex topics such as business ethics, emotional intelligence in leadership, and current trends in the corporate world. Ideal for professionals who need to negotiate, present ideas or lead teams in English with confidence and precision.\" \/>\n<meta property=\"og:url\" content=\"https:\/\/businessenglishavenue.com\/es\/producto\/c1-level\/\" \/>\n<meta property=\"og:site_name\" content=\"English Avenue\" \/>\n<meta property=\"article:modified_time\" content=\"2025-06-11T12:35:44+00:00\" \/>\n<meta property=\"og:image\" content=\"https:\/\/businessenglishavenue.com\/wp-content\/uploads\/2024\/09\/3-e1727702448130.jpg\" \/>\n\t<meta property=\"og:image:width\" content=\"500\" \/>\n\t<meta property=\"og:image:height\" content=\"300\" \/>\n\t<meta property=\"og:image:type\" content=\"image\/jpeg\" \/>\n<meta name=\"twitter:card\" content=\"summary_large_image\" \/>\n<script type=\"application\/ld+json\" class=\"yoast-schema-graph\">{\"@context\":\"https:\\\/\\\/schema.org\",\"@graph\":[{\"@type\":\"WebPage\",\"@id\":\"https:\\\/\\\/businessenglishavenue.com\\\/producto\\\/c1-level\\\/\",\"url\":\"https:\\\/\\\/businessenglishavenue.com\\\/producto\\\/c1-level\\\/\",\"name\":\"C1 LEVEL - English Avenue\",\"isPartOf\":{\"@id\":\"https:\\\/\\\/businessenglishavenue.com\\\/#website\"},\"primaryImageOfPage\":{\"@id\":\"https:\\\/\\\/businessenglishavenue.com\\\/producto\\\/c1-level\\\/#primaryimage\"},\"image\":{\"@id\":\"https:\\\/\\\/businessenglishavenue.com\\\/producto\\\/c1-level\\\/#primaryimage\"},\"thumbnailUrl\":\"https:\\\/\\\/businessenglishavenue.com\\\/wp-content\\\/uploads\\\/2024\\\/09\\\/3-e1727702448130.jpg\",\"datePublished\":\"2024-09-30T14:12:30+00:00\",\"dateModified\":\"2025-06-11T12:35:44+00:00\",\"breadcrumb\":{\"@id\":\"https:\\\/\\\/businessenglishavenue.com\\\/producto\\\/c1-level\\\/#breadcrumb\"},\"inLanguage\":\"es\",\"potentialAction\":[{\"@type\":\"ReadAction\",\"target\":[\"https:\\\/\\\/businessenglishavenue.com\\\/producto\\\/c1-level\\\/\"]}]},{\"@type\":\"ImageObject\",\"inLanguage\":\"es\",\"@id\":\"https:\\\/\\\/businessenglishavenue.com\\\/producto\\\/c1-level\\\/#primaryimage\",\"url\":\"https:\\\/\\\/businessenglishavenue.com\\\/wp-content\\\/uploads\\\/2024\\\/09\\\/3-e1727702448130.jpg\",\"contentUrl\":\"https:\\\/\\\/businessenglishavenue.com\\\/wp-content\\\/uploads\\\/2024\\\/09\\\/3-e1727702448130.jpg\",\"width\":500,\"height\":300},{\"@type\":\"BreadcrumbList\",\"@id\":\"https:\\\/\\\/businessenglishavenue.com\\\/producto\\\/c1-level\\\/#breadcrumb\",\"itemListElement\":[{\"@type\":\"ListItem\",\"position\":1,\"name\":\"Portada\",\"item\":\"https:\\\/\\\/businessenglishavenue.com\\\/\"},{\"@type\":\"ListItem\",\"position\":2,\"name\":\"Shop\",\"item\":\"https:\\\/\\\/businessenglishavenue.com\\\/shop\\\/\"},{\"@type\":\"ListItem\",\"position\":3,\"name\":\"C1 LEVEL\"}]},{\"@type\":\"WebSite\",\"@id\":\"https:\\\/\\\/businessenglishavenue.com\\\/#website\",\"url\":\"https:\\\/\\\/businessenglishavenue.com\\\/\",\"name\":\"English Avenue\",\"description\":\"Online Meditation Courses Website\",\"publisher\":{\"@id\":\"https:\\\/\\\/businessenglishavenue.com\\\/#organization\"},\"potentialAction\":[{\"@type\":\"SearchAction\",\"target\":{\"@type\":\"EntryPoint\",\"urlTemplate\":\"https:\\\/\\\/businessenglishavenue.com\\\/?s={search_term_string}\"},\"query-input\":{\"@type\":\"PropertyValueSpecification\",\"valueRequired\":true,\"valueName\":\"search_term_string\"}}],\"inLanguage\":\"es\"},{\"@type\":\"Organization\",\"@id\":\"https:\\\/\\\/businessenglishavenue.com\\\/#organization\",\"name\":\"English Avenue\",\"url\":\"https:\\\/\\\/businessenglishavenue.com\\\/\",\"logo\":{\"@type\":\"ImageObject\",\"inLanguage\":\"es\",\"@id\":\"https:\\\/\\\/businessenglishavenue.com\\\/#\\\/schema\\\/logo\\\/image\\\/\",\"url\":\"https:\\\/\\\/businessenglishavenue.com\\\/wp-content\\\/uploads\\\/2024\\\/09\\\/busniess-english-avenue.png\",\"contentUrl\":\"https:\\\/\\\/businessenglishavenue.com\\\/wp-content\\\/uploads\\\/2024\\\/09\\\/busniess-english-avenue.png\",\"width\":601,\"height\":556,\"caption\":\"English Avenue\"},\"image\":{\"@id\":\"https:\\\/\\\/businessenglishavenue.com\\\/#\\\/schema\\\/logo\\\/image\\\/\"}}]}<\/script>\n<!-- \/ Yoast SEO plugin. -->","yoast_head_json":{"title":"C1 LEVEL - English Avenue","robots":{"index":"index","follow":"follow","max-snippet":"max-snippet:-1","max-image-preview":"max-image-preview:large","max-video-preview":"max-video-preview:-1"},"canonical":"https:\/\/businessenglishavenue.com\/es\/producto\/c1-level\/","og_locale":"es_ES","og_type":"article","og_title":"C1 LEVEL - English Avenue","og_description":"This course provides you with full fluency in professional English, helping you to express yourself persuasively and clearly in high-level environments. It covers complex topics such as business ethics, emotional intelligence in leadership, and current trends in the corporate world. Ideal for professionals who need to negotiate, present ideas or lead teams in English with confidence and precision.","og_url":"https:\/\/businessenglishavenue.com\/es\/producto\/c1-level\/","og_site_name":"English Avenue","article_modified_time":"2025-06-11T12:35:44+00:00","og_image":[{"width":500,"height":300,"url":"https:\/\/businessenglishavenue.com\/wp-content\/uploads\/2024\/09\/3-e1727702448130.jpg","type":"image\/jpeg"}],"twitter_card":"summary_large_image","schema":{"@context":"https:\/\/schema.org","@graph":[{"@type":"WebPage","@id":"https:\/\/businessenglishavenue.com\/producto\/c1-level\/","url":"https:\/\/businessenglishavenue.com\/producto\/c1-level\/","name":"C1 LEVEL - English Avenue","isPartOf":{"@id":"https:\/\/businessenglishavenue.com\/#website"},"primaryImageOfPage":{"@id":"https:\/\/businessenglishavenue.com\/producto\/c1-level\/#primaryimage"},"image":{"@id":"https:\/\/businessenglishavenue.com\/producto\/c1-level\/#primaryimage"},"thumbnailUrl":"https:\/\/businessenglishavenue.com\/wp-content\/uploads\/2024\/09\/3-e1727702448130.jpg","datePublished":"2024-09-30T14:12:30+00:00","dateModified":"2025-06-11T12:35:44+00:00","breadcrumb":{"@id":"https:\/\/businessenglishavenue.com\/producto\/c1-level\/#breadcrumb"},"inLanguage":"es","potentialAction":[{"@type":"ReadAction","target":["https:\/\/businessenglishavenue.com\/producto\/c1-level\/"]}]},{"@type":"ImageObject","inLanguage":"es","@id":"https:\/\/businessenglishavenue.com\/producto\/c1-level\/#primaryimage","url":"https:\/\/businessenglishavenue.com\/wp-content\/uploads\/2024\/09\/3-e1727702448130.jpg","contentUrl":"https:\/\/businessenglishavenue.com\/wp-content\/uploads\/2024\/09\/3-e1727702448130.jpg","width":500,"height":300},{"@type":"BreadcrumbList","@id":"https:\/\/businessenglishavenue.com\/producto\/c1-level\/#breadcrumb","itemListElement":[{"@type":"ListItem","position":1,"name":"Portada","item":"https:\/\/businessenglishavenue.com\/"},{"@type":"ListItem","position":2,"name":"Shop","item":"https:\/\/businessenglishavenue.com\/shop\/"},{"@type":"ListItem","position":3,"name":"C1 LEVEL"}]},{"@type":"WebSite","@id":"https:\/\/businessenglishavenue.com\/#website","url":"https:\/\/businessenglishavenue.com\/","name":"Avenida de Inglaterra","description":"P\u00e1gina web de cursos de meditaci\u00f3n en l\u00ednea","publisher":{"@id":"https:\/\/businessenglishavenue.com\/#organization"},"potentialAction":[{"@type":"SearchAction","target":{"@type":"EntryPoint","urlTemplate":"https:\/\/businessenglishavenue.com\/?s={search_term_string}"},"query-input":{"@type":"PropertyValueSpecification","valueRequired":true,"valueName":"search_term_string"}}],"inLanguage":"es"},{"@type":"Organization","@id":"https:\/\/businessenglishavenue.com\/#organization","name":"Avenida de Inglaterra","url":"https:\/\/businessenglishavenue.com\/","logo":{"@type":"ImageObject","inLanguage":"es","@id":"https:\/\/businessenglishavenue.com\/#\/schema\/logo\/image\/","url":"https:\/\/businessenglishavenue.com\/wp-content\/uploads\/2024\/09\/busniess-english-avenue.png","contentUrl":"https:\/\/businessenglishavenue.com\/wp-content\/uploads\/2024\/09\/busniess-english-avenue.png","width":601,"height":556,"caption":"English Avenue"},"image":{"@id":"https:\/\/businessenglishavenue.com\/#\/schema\/logo\/image\/"}}]}},"_links":{"self":[{"href":"https:\/\/businessenglishavenue.com\/es\/wp-json\/wp\/v2\/product\/1314","targetHints":{"allow":["GET"]}}],"collection":[{"href":"https:\/\/businessenglishavenue.com\/es\/wp-json\/wp\/v2\/product"}],"about":[{"href":"https:\/\/businessenglishavenue.com\/es\/wp-json\/wp\/v2\/types\/product"}],"replies":[{"embeddable":true,"href":"https:\/\/businessenglishavenue.com\/es\/wp-json\/wp\/v2\/comments?post=1314"}],"version-history":[{"count":1,"href":"https:\/\/businessenglishavenue.com\/es\/wp-json\/wp\/v2\/product\/1314\/revisions"}],"predecessor-version":[{"id":1977,"href":"https:\/\/businessenglishavenue.com\/es\/wp-json\/wp\/v2\/product\/1314\/revisions\/1977"}],"wp:featuredmedia":[{"embeddable":true,"href":"https:\/\/businessenglishavenue.com\/es\/wp-json\/wp\/v2\/media\/1310"}],"wp:attachment":[{"href":"https:\/\/businessenglishavenue.com\/es\/wp-json\/wp\/v2\/media?parent=1314"}],"wp:term":[{"taxonomy":"product_brand","embeddable":true,"href":"https:\/\/businessenglishavenue.com\/es\/wp-json\/wp\/v2\/product_brand?post=1314"},{"taxonomy":"product_cat","embeddable":true,"href":"https:\/\/businessenglishavenue.com\/es\/wp-json\/wp\/v2\/product_cat?post=1314"},{"taxonomy":"product_tag","embeddable":true,"href":"https:\/\/businessenglishavenue.com\/es\/wp-json\/wp\/v2\/product_tag?post=1314"}],"curies":[{"name":"wp","href":"https:\/\/api.w.org\/{rel}","templated":true}]}}