{"id":1816,"date":"2024-10-23T12:54:26","date_gmt":"2024-10-23T10:54:26","guid":{"rendered":"https:\/\/businessenglishavenue.com\/?page_id=1816"},"modified":"2025-03-13T17:32:16","modified_gmt":"2025-03-13T16:32:16","slug":"terms-and-conditions","status":"publish","type":"page","link":"https:\/\/businessenglishavenue.com\/es\/terms-and-conditions\/","title":{"rendered":"Condiciones generales"},"content":{"rendered":"<div data-elementor-type=\"wp-page\" data-elementor-id=\"1816\" class=\"elementor elementor-1816\" data-elementor-post-type=\"page\">\n\t\t\t\t<div class=\"elementor-element elementor-element-2341468 e-flex e-con-boxed e-con e-parent\" data-id=\"2341468\" data-element_type=\"container\" data-e-type=\"container\" data-settings=\"{&quot;background_background&quot;:&quot;classic&quot;}\">\n\t\t\t\t\t<div class=\"e-con-inner\">\n\t\t<div class=\"elementor-element elementor-element-eac2b56 e-con-full e-flex e-con e-child\" data-id=\"eac2b56\" data-element_type=\"container\" data-e-type=\"container\">\n\t\t\t\t<div class=\"elementor-element elementor-element-6688915 elementor-widget elementor-widget-heading\" data-id=\"6688915\" data-element_type=\"widget\" data-e-type=\"widget\" data-widget_type=\"heading.default\">\n\t\t\t\t<div class=\"elementor-widget-container\">\n\t\t\t\t\t<h1 class=\"elementor-heading-title elementor-size-default\">Condiciones generales<\/h1>\t\t\t\t<\/div>\n\t\t\t\t<\/div>\n\t\t\t\t<\/div>\n\t\t\t\t\t<\/div>\n\t\t\t\t<\/div>\n\t\t<div class=\"elementor-element elementor-element-5676884 e-flex e-con-boxed e-con e-parent\" data-id=\"5676884\" data-element_type=\"container\" data-e-type=\"container\">\n\t\t\t\t\t<div class=\"e-con-inner\">\n\t\t\t\t<div class=\"elementor-element elementor-element-4eb2ac1 elementor-widget elementor-widget-text-editor\" data-id=\"4eb2ac1\" data-element_type=\"widget\" data-e-type=\"widget\" data-widget_type=\"text-editor.default\">\n\t\t\t\t<div class=\"elementor-widget-container\">\n\t\t\t\t\t\t\t\t\t<p>\u00a1Bienvenido a English Avenue! Estos T\u00e9rminos y Condiciones rigen el uso de nuestra plataforma y servicios, incluyendo la compra y entrega de clases de ingl\u00e9s de negocios en formato PDF. Al acceder o utilizar nuestra plataforma y servicios, usted acepta cumplir con estos T\u00e9rminos.<\/p><p>Lea atentamente estas Condiciones antes de realizar una compra. Si tiene alguna pregunta o duda, no dude en ponerse en contacto con nosotros en englishavenuevalladolid@gmail.com.<\/p><p>Clases de compras<\/p><p>- Al realizar un pedido en nuestra plataforma, acepta pagar el precio indicado para las clases y los impuestos o tasas aplicables.<\/p><p>- En el momento de la compra, debe facilitar datos de facturaci\u00f3n y de contacto exactos.<\/p><p>- Una vez efectuado el pago, recibir\u00e1 un correo electr\u00f3nico de confirmaci\u00f3n con el acceso a los materiales que ha adquirido.<\/p><p>Condiciones de pago<\/p><p>- Formas de pago: Aceptamos tarjetas de cr\u00e9dito y d\u00e9bito<\/p><p>- Plazo de pago: El pago debe efectuarse en el momento de la compra. El acceso a las clases s\u00f3lo se conceder\u00e1 despu\u00e9s de que el pago haya sido procesado y recibido.<\/p><p>- Confirmaci\u00f3n del pago: Una vez recibido el pago, se le proporcionar\u00e1 un recibo y la confirmaci\u00f3n de su pedido por correo electr\u00f3nico.<\/p><p>- Divisa: Todos los pagos se procesan en EUROS (\u20ac), a menos que se indique lo contrario.<\/p><p>Impartici\u00f3n de clases<\/p><p>- Despu\u00e9s de completar la compra, se le proporcionar\u00e1 acceso a las clases de ingl\u00e9s de negocios a trav\u00e9s de la plataforma durante el tiempo seleccionado.<\/p><p>- La entrega del acceso es inmediata, a menos que haya problemas t\u00e9cnicos, en cuyo caso se le notificar\u00e1.<\/p><p>Pol\u00edtica de reembolso y cancelaci\u00f3n<\/p><p>- No se admiten devoluciones: Debido a la naturaleza de los productos digitales, todas las compras son definitivas y no reembolsables una vez entregadas las clases en PDF.<\/p><p>- Si tiene problemas para acceder a los archivos o cree que ha recibido un producto incorrecto, p\u00f3ngase en contacto con nosotros en englishavenuevalladolid@gmail.com.<\/p><p>Licencia y uso de materiales<\/p><p>- Tras la compra, le concedemos una licencia no exclusiva e intransferible para acceder y utilizar los materiales de Business English adquiridos, \u00fanicamente para uso personal o interno de la empresa.<\/p><p>- Se proh\u00edbe revender, compartir, distribuir o modificar los materiales sin el permiso expreso por escrito de English Avenue.<\/p><p>- La infracci\u00f3n de esta licencia puede dar lugar a la suspensi\u00f3n del acceso a nuestra plataforma y a acciones legales.<\/p><p>Propiedad intelectual<\/p><p>- Todo el contenido proporcionado en las clases de ingl\u00e9s comercial, incluidos el texto, el dise\u00f1o y la marca, es propiedad de English Avenue o de sus licenciantes.<\/p><p>- Ninguna parte del contenido puede ser copiada, reproducida o utilizada con fines comerciales sin el consentimiento previo por escrito de English Avenue.<\/p><p>Disponibilidad y modificaciones de la plataforma<\/p><p>- Nuestro objetivo es garantizar la disponibilidad continua de nuestra plataforma y clases. No obstante, nos reservamos el derecho a realizar modificaciones, suspender o interrumpir cualquier servicio o parte de la plataforma sin previo aviso.<\/p><p>- No nos hacemos responsables de las interrupciones del servicio debidas a tareas de mantenimiento, actualizaciones o problemas t\u00e9cnicos imprevistos.<\/p><p>Responsabilidad<\/p><p>- Exclusi\u00f3n de garant\u00edas: Aunque nos esforzamos por asegurar la exactitud de nuestro contenido, no hacemos ninguna representaci\u00f3n o garant\u00eda, expresa o impl\u00edcita, con respecto a la exactitud o integridad de los materiales.<\/p><p>- Limitaci\u00f3n de Responsabilidad: En ning\u00fan caso English Avenue ser\u00e1 responsable de ning\u00fan da\u00f1o directo, indirecto, incidental o consecuente derivado del uso de los materiales o de la plataforma.<\/p><p>Protecci\u00f3n de datos<\/p><p>- Respetamos su privacidad y nos comprometemos a proteger su informaci\u00f3n personal.<\/p><p>Cambios en las condiciones<\/p><p>- Nos reservamos el derecho a modificar estas Condiciones en cualquier momento. Cualquier cambio se publicar\u00e1 en nuestro sitio web y se le notificar\u00e1 por correo electr\u00f3nico. Su uso continuado de nuestra plataforma despu\u00e9s de cualquier cambio constituye su aceptaci\u00f3n de los t\u00e9rminos actualizados.<\/p><p>Informaci\u00f3n de contacto<\/p><p>Si tiene alguna pregunta o necesita m\u00e1s ayuda, p\u00f3ngase en contacto con nosotros:<\/p><p>englishavenuevalladolid@gmail.com<br \/>+34 611 697 741<\/p><p>Al comprar nuestras clases de ingl\u00e9s de negocios, usted reconoce que ha le\u00eddo, entendido y aceptado estos T\u00e9rminos y Condiciones.<\/p>\t\t\t\t\t\t\t\t<\/div>\n\t\t\t\t<\/div>\n\t\t\t\t\t<\/div>\n\t\t\t\t<\/div>\n\t\t\t\t<\/div>","protected":false},"excerpt":{"rendered":"<p>Terms and Conditions Welcome to English Avenue! These Terms and Conditions govern your use of our platform and services, including the purchase and delivery of Business English classes in PDF format. By accessing or using our platform and services, you agree to abide by these Terms. Please read these Terms carefully before making a purchase. [&hellip;]<\/p>","protected":false},"author":10,"featured_media":0,"parent":0,"menu_order":0,"comment_status":"closed","ping_status":"closed","template":"","meta":{"site-sidebar-layout":"no-sidebar","site-content-layout":"page-builder","ast-site-content-layout":"full-width-container","site-content-style":"default","site-sidebar-style":"default","ast-global-header-display":"","ast-banner-title-visibility":"","ast-main-header-display":"","ast-hfb-above-header-display":"","ast-hfb-below-header-display":"","ast-hfb-mobile-header-display":"","site-post-title":"disabled","ast-breadcrumbs-content":"","ast-featured-img":"disabled","footer-sml-layout":"","ast-disable-related-posts":"","theme-transparent-header-meta":"default","adv-header-id-meta":"","stick-header-meta":"","header-above-stick-meta":"","header-main-stick-meta":"","header-below-stick-meta":"","astra-migrate-meta-layouts":"set","ast-page-background-enabled":"default","ast-page-background-meta":{"desktop":{"background-color":"","background-image":"","background-repeat":"repeat","background-position":"center center","background-size":"auto","background-attachment":"scroll","background-type":"","background-media":"","overlay-type":"","overlay-color":"","overlay-opacity":"","overlay-gradient":""},"tablet":{"background-color":"","background-image":"","background-repeat":"repeat","background-position":"center center","background-size":"auto","background-attachment":"scroll","background-type":"","background-media":"","overlay-type":"","overlay-color":"","overlay-opacity":"","overlay-gradient":""},"mobile":{"background-color":"","background-image":"","background-repeat":"repeat","background-position":"center center","background-size":"auto","background-attachment":"scroll","background-type":"","background-media":"","overlay-type":"","overlay-color":"","overlay-opacity":"","overlay-gradient":""}},"ast-content-background-meta":{"desktop":{"background-color":"var(--ast-global-color-5)","background-image":"","background-repeat":"repeat","background-position":"center center","background-size":"auto","background-attachment":"scroll","background-type":"","background-media":"","overlay-type":"","overlay-color":"","overlay-opacity":"","overlay-gradient":""},"tablet":{"background-color":"var(--ast-global-color-5)","background-image":"","background-repeat":"repeat","background-position":"center center","background-size":"auto","background-attachment":"scroll","background-type":"","background-media":"","overlay-type":"","overlay-color":"","overlay-opacity":"","overlay-gradient":""},"mobile":{"background-color":"var(--ast-global-color-5)","background-image":"","background-repeat":"repeat","background-position":"center center","background-size":"auto","background-attachment":"scroll","background-type":"","background-media":"","overlay-type":"","overlay-color":"","overlay-opacity":"","overlay-gradient":""}},"footnotes":""},"class_list":["post-1816","page","type-page","status-publish","hentry"],"yoast_head":"<!-- This site is optimized with the Yoast SEO plugin v27.4 - https:\/\/yoast.com\/product\/yoast-seo-wordpress\/ -->\n<title>Terms and conditions - English Avenue<\/title>\n<meta name=\"robots\" content=\"noindex, follow\" \/>\n<meta property=\"og:locale\" content=\"es_ES\" \/>\n<meta property=\"og:type\" content=\"article\" \/>\n<meta property=\"og:title\" content=\"Terms and conditions - English Avenue\" \/>\n<meta property=\"og:description\" content=\"Terms and Conditions Welcome to English Avenue! These Terms and Conditions govern your use of our platform and services, including the purchase and delivery of Business English classes in PDF format. By accessing or using our platform and services, you agree to abide by these Terms. Please read these Terms carefully before making a purchase. [&hellip;]\" \/>\n<meta property=\"og:url\" content=\"https:\/\/businessenglishavenue.com\/es\/terms-and-conditions\/\" \/>\n<meta property=\"og:site_name\" content=\"English Avenue\" \/>\n<meta property=\"article:modified_time\" content=\"2025-03-13T16:32:16+00:00\" \/>\n<meta name=\"twitter:card\" content=\"summary_large_image\" \/>\n<script type=\"application\/ld+json\" class=\"yoast-schema-graph\">{\"@context\":\"https:\\\/\\\/schema.org\",\"@graph\":[{\"@type\":\"WebPage\",\"@id\":\"https:\\\/\\\/businessenglishavenue.com\\\/terms-and-conditions\\\/\",\"url\":\"https:\\\/\\\/businessenglishavenue.com\\\/terms-and-conditions\\\/\",\"name\":\"Terms and conditions - English Avenue\",\"isPartOf\":{\"@id\":\"https:\\\/\\\/businessenglishavenue.com\\\/#website\"},\"datePublished\":\"2024-10-23T10:54:26+00:00\",\"dateModified\":\"2025-03-13T16:32:16+00:00\",\"breadcrumb\":{\"@id\":\"https:\\\/\\\/businessenglishavenue.com\\\/terms-and-conditions\\\/#breadcrumb\"},\"inLanguage\":\"es\",\"potentialAction\":[{\"@type\":\"ReadAction\",\"target\":[\"https:\\\/\\\/businessenglishavenue.com\\\/terms-and-conditions\\\/\"]}]},{\"@type\":\"BreadcrumbList\",\"@id\":\"https:\\\/\\\/businessenglishavenue.com\\\/terms-and-conditions\\\/#breadcrumb\",\"itemListElement\":[{\"@type\":\"ListItem\",\"position\":1,\"name\":\"Portada\",\"item\":\"https:\\\/\\\/businessenglishavenue.com\\\/\"},{\"@type\":\"ListItem\",\"position\":2,\"name\":\"Terms and conditions\"}]},{\"@type\":\"WebSite\",\"@id\":\"https:\\\/\\\/businessenglishavenue.com\\\/#website\",\"url\":\"https:\\\/\\\/businessenglishavenue.com\\\/\",\"name\":\"English Avenue\",\"description\":\"Online Meditation Courses Website\",\"publisher\":{\"@id\":\"https:\\\/\\\/businessenglishavenue.com\\\/#organization\"},\"potentialAction\":[{\"@type\":\"SearchAction\",\"target\":{\"@type\":\"EntryPoint\",\"urlTemplate\":\"https:\\\/\\\/businessenglishavenue.com\\\/?s={search_term_string}\"},\"query-input\":{\"@type\":\"PropertyValueSpecification\",\"valueRequired\":true,\"valueName\":\"search_term_string\"}}],\"inLanguage\":\"es\"},{\"@type\":\"Organization\",\"@id\":\"https:\\\/\\\/businessenglishavenue.com\\\/#organization\",\"name\":\"English Avenue\",\"url\":\"https:\\\/\\\/businessenglishavenue.com\\\/\",\"logo\":{\"@type\":\"ImageObject\",\"inLanguage\":\"es\",\"@id\":\"https:\\\/\\\/businessenglishavenue.com\\\/#\\\/schema\\\/logo\\\/image\\\/\",\"url\":\"https:\\\/\\\/businessenglishavenue.com\\\/wp-content\\\/uploads\\\/2024\\\/09\\\/busniess-english-avenue.png\",\"contentUrl\":\"https:\\\/\\\/businessenglishavenue.com\\\/wp-content\\\/uploads\\\/2024\\\/09\\\/busniess-english-avenue.png\",\"width\":601,\"height\":556,\"caption\":\"English Avenue\"},\"image\":{\"@id\":\"https:\\\/\\\/businessenglishavenue.com\\\/#\\\/schema\\\/logo\\\/image\\\/\"}}]}<\/script>\n<!-- \/ Yoast SEO plugin. -->","yoast_head_json":{"title":"Terms and conditions - English Avenue","robots":{"index":"noindex","follow":"follow"},"og_locale":"es_ES","og_type":"article","og_title":"Terms and conditions - English Avenue","og_description":"Terms and Conditions Welcome to English Avenue! These Terms and Conditions govern your use of our platform and services, including the purchase and delivery of Business English classes in PDF format. By accessing or using our platform and services, you agree to abide by these Terms. Please read these Terms carefully before making a purchase. [&hellip;]","og_url":"https:\/\/businessenglishavenue.com\/es\/terms-and-conditions\/","og_site_name":"English Avenue","article_modified_time":"2025-03-13T16:32:16+00:00","twitter_card":"summary_large_image","schema":{"@context":"https:\/\/schema.org","@graph":[{"@type":"WebPage","@id":"https:\/\/businessenglishavenue.com\/terms-and-conditions\/","url":"https:\/\/businessenglishavenue.com\/terms-and-conditions\/","name":"Terms and conditions - English Avenue","isPartOf":{"@id":"https:\/\/businessenglishavenue.com\/#website"},"datePublished":"2024-10-23T10:54:26+00:00","dateModified":"2025-03-13T16:32:16+00:00","breadcrumb":{"@id":"https:\/\/businessenglishavenue.com\/terms-and-conditions\/#breadcrumb"},"inLanguage":"es","potentialAction":[{"@type":"ReadAction","target":["https:\/\/businessenglishavenue.com\/terms-and-conditions\/"]}]},{"@type":"BreadcrumbList","@id":"https:\/\/businessenglishavenue.com\/terms-and-conditions\/#breadcrumb","itemListElement":[{"@type":"ListItem","position":1,"name":"Portada","item":"https:\/\/businessenglishavenue.com\/"},{"@type":"ListItem","position":2,"name":"Terms and conditions"}]},{"@type":"WebSite","@id":"https:\/\/businessenglishavenue.com\/#website","url":"https:\/\/businessenglishavenue.com\/","name":"Avenida de Inglaterra","description":"P\u00e1gina web de cursos de meditaci\u00f3n en l\u00ednea","publisher":{"@id":"https:\/\/businessenglishavenue.com\/#organization"},"potentialAction":[{"@type":"SearchAction","target":{"@type":"EntryPoint","urlTemplate":"https:\/\/businessenglishavenue.com\/?s={search_term_string}"},"query-input":{"@type":"PropertyValueSpecification","valueRequired":true,"valueName":"search_term_string"}}],"inLanguage":"es"},{"@type":"Organization","@id":"https:\/\/businessenglishavenue.com\/#organization","name":"Avenida de Inglaterra","url":"https:\/\/businessenglishavenue.com\/","logo":{"@type":"ImageObject","inLanguage":"es","@id":"https:\/\/businessenglishavenue.com\/#\/schema\/logo\/image\/","url":"https:\/\/businessenglishavenue.com\/wp-content\/uploads\/2024\/09\/busniess-english-avenue.png","contentUrl":"https:\/\/businessenglishavenue.com\/wp-content\/uploads\/2024\/09\/busniess-english-avenue.png","width":601,"height":556,"caption":"English Avenue"},"image":{"@id":"https:\/\/businessenglishavenue.com\/#\/schema\/logo\/image\/"}}]}},"_links":{"self":[{"href":"https:\/\/businessenglishavenue.com\/es\/wp-json\/wp\/v2\/pages\/1816","targetHints":{"allow":["GET"]}}],"collection":[{"href":"https:\/\/businessenglishavenue.com\/es\/wp-json\/wp\/v2\/pages"}],"about":[{"href":"https:\/\/businessenglishavenue.com\/es\/wp-json\/wp\/v2\/types\/page"}],"author":[{"embeddable":true,"href":"https:\/\/businessenglishavenue.com\/es\/wp-json\/wp\/v2\/users\/10"}],"replies":[{"embeddable":true,"href":"https:\/\/businessenglishavenue.com\/es\/wp-json\/wp\/v2\/comments?post=1816"}],"version-history":[{"count":23,"href":"https:\/\/businessenglishavenue.com\/es\/wp-json\/wp\/v2\/pages\/1816\/revisions"}],"predecessor-version":[{"id":2436,"href":"https:\/\/businessenglishavenue.com\/es\/wp-json\/wp\/v2\/pages\/1816\/revisions\/2436"}],"wp:attachment":[{"href":"https:\/\/businessenglishavenue.com\/es\/wp-json\/wp\/v2\/media?parent=1816"}],"curies":[{"name":"wp","href":"https:\/\/api.w.org\/{rel}","templated":true}]}}