{"id":15,"date":"2024-06-18T09:00:47","date_gmt":"2024-06-18T07:00:47","guid":{"rendered":"https:\/\/businessenglishavenue.com\/?page_id=15"},"modified":"2025-03-13T17:28:31","modified_gmt":"2025-03-13T16:28:31","slug":"legal-notice","status":"publish","type":"page","link":"https:\/\/businessenglishavenue.com\/es\/legal-notice\/","title":{"rendered":"Menciones legales"},"content":{"rendered":"<div data-elementor-type=\"wp-page\" data-elementor-id=\"15\" class=\"elementor elementor-15\" data-elementor-post-type=\"page\">\n\t\t\t\t<div class=\"elementor-element elementor-element-4126736 e-flex e-con-boxed e-con e-parent\" data-id=\"4126736\" data-element_type=\"container\" data-e-type=\"container\" data-settings=\"{&quot;background_background&quot;:&quot;classic&quot;}\">\n\t\t\t\t\t<div class=\"e-con-inner\">\n\t\t<div class=\"elementor-element elementor-element-7a87a11 e-con-full e-flex e-con e-child\" data-id=\"7a87a11\" data-element_type=\"container\" data-e-type=\"container\">\n\t\t\t\t<div class=\"elementor-element elementor-element-3ca7380 elementor-widget elementor-widget-heading\" data-id=\"3ca7380\" data-element_type=\"widget\" data-e-type=\"widget\" data-widget_type=\"heading.default\">\n\t\t\t\t<div class=\"elementor-widget-container\">\n\t\t\t\t\t<h1 class=\"elementor-heading-title elementor-size-default\">Menciones legales<\/h1>\t\t\t\t<\/div>\n\t\t\t\t<\/div>\n\t\t\t\t<\/div>\n\t\t\t\t\t<\/div>\n\t\t\t\t<\/div>\n\t\t<div class=\"elementor-element elementor-element-843a9f0 e-flex e-con-boxed e-con e-parent\" data-id=\"843a9f0\" data-element_type=\"container\" data-e-type=\"container\">\n\t\t\t\t\t<div class=\"e-con-inner\">\n\t\t\t\t<div class=\"elementor-element elementor-element-43f5b83 elementor-widget elementor-widget-text-editor\" data-id=\"43f5b83\" data-element_type=\"widget\" data-e-type=\"widget\" data-widget_type=\"text-editor.default\">\n\t\t\t\t<div class=\"elementor-widget-container\">\n\t\t\t\t\t\t\t\t\t<p>Menciones legales<br \/>Datos de identificaci\u00f3n.<br \/>Este sitio web es propiedad del aut\u00f3nomo Joshua John Weatherburn (en adelante, Aut\u00f3nomo) con domicilio social en C\/ San Luis 12 4\u00ba I, c\u00f3digo postal: 47012, Valladolid, Valladolid, con NIE Y7937054..<br \/>Puede ponerse en contacto con nosotros por tel\u00e9fono en 611697741 o por correo electr\u00f3nico en englishavenuevalladolid@gmail.com.<br \/>Introducci\u00f3n.<br \/>El presente aviso legal regula el uso del servicio del Sitio Web A\u00d1ADIR ENLACE DEFINITIVO CUANDO EST\u00c9 DISPONIBLE<br \/>El acceso al citado sitio web, as\u00ed como el uso de las funcionalidades (en adelante, los Servicios) y contenidos ofrecidos en el mismo, atribuyen a quien lo realiza la condici\u00f3n de USUARIO. Por el mero hecho de navegar por este Sitio Web, usted (en adelante, Usuario) acepta las presentes condiciones de uso y aviso legal, comprometi\u00e9ndose a su cumplimiento.<br \/>La empresa podr\u00e1 introducir en el Sitio Web las modificaciones, suspensiones, cancelaciones o restricciones que considere oportunas, as\u00ed como cambiar el dise\u00f1o, presentaci\u00f3n o configuraci\u00f3n del mismo, as\u00ed como los contenidos y servicios ofrecidos, y el contenido del aviso legal y dem\u00e1s condiciones de uso, someti\u00e9ndose dichas modificaciones a lo dispuesto en la normativa vigente de aplicaci\u00f3n y actuando con pleno respeto a los derechos de los consumidores y usuarios, en los t\u00e9rminos de lo dispuesto en el Real Decreto Legislativo 1\/2007, de 16 de noviembre, por el que se aprueba el texto refundido de la Ley General para la Defensa de los Consumidores y Usuarios y otras leyes complementarias.<br \/>Prop\u00f3sito.<br \/>El presente aviso legal tiene por objeto describir las condiciones legales aplicables al acceso y utilizaci\u00f3n por parte del Usuario de la informaci\u00f3n contenida en el Sitio Web, as\u00ed como dar cumplimiento a las obligaciones dispuestas en la Ley 34\/2002, de Servicios de la Sociedad de la Informaci\u00f3n y del Comercio Electr\u00f3nico (LSSI-CE).<br \/>El Usuario queda informado, y acepta, que el acceso a la Web no supone, en modo alguno, el inicio de una relaci\u00f3n comercial o de otro tipo con Aut\u00f3nomos. Para contratar los servicios o productos ofrecidos en el Sitio Web (incluidos los servicios gratuitos y promociones) el Usuario deber\u00e1 utilizar los canales habilitados al efecto, en los que se podr\u00e1 requerir la aceptaci\u00f3n de nuevas condiciones legales, de compra o de privacidad.<br \/>Contenido, veracidad y actualizaci\u00f3n<br \/>El Aut\u00f3nomo realiza revisiones peri\u00f3dicas de los contenidos e informaciones publicadas en el Sitio Web, no obstante, es posible que no se tenga constancia de la inexactitud de la informaci\u00f3n o actividad a la que remiten, por lo que rogamos que, en caso de detectar alguna inconsistencia, lo ponga inmediatamente en conocimiento de la organizaci\u00f3n, a fin de que se proceda diligentemente a retirar o inutilizar el enlace o contenido correspondiente. El Aut\u00f3nomo no puede controlar la utilizaci\u00f3n que el Usuario d\u00e9 a la informaci\u00f3n publicada y, por tanto, no ser\u00e1 responsable de ning\u00fan tipo de da\u00f1o o perjuicio, directo o indirecto, que pudiera derivarse de la utilizaci\u00f3n de dicha informaci\u00f3n.<br \/>El aut\u00f3nomo no se hace responsable de las opiniones y respuestas emitidas por terceros, ya sea a trav\u00e9s de publicaciones, mensajes en redes sociales, respuestas a consultas p\u00fablicas o comentarios en blogs, publicados tanto en el Sitio Web como en otro sitio web vinculado al mismo, as\u00ed como en los perfiles de la empresa en redes sociales.<br \/>El aut\u00f3nomo realiza un mantenimiento exhaustivo de la p\u00e1gina web, de forma que el acceso a los servicios y contenidos est\u00e9 siempre disponible. No obstante, el Usuario acepta que puedan existir interrupciones, programadas para mejorar las prestaciones de la p\u00e1gina o con una finalidad similar, o accidentales debidas a causas ajenas a la empresa o que \u00e9sta no pueda controlar.<\/p><p>Propiedad intelectual e industrial<br \/>Todos los elementos del Sitio Web tales como su programaci\u00f3n, c\u00f3digo fuente, textos, dise\u00f1os, presentaci\u00f3n, montaje, logotipos, im\u00e1genes, y cualquier otro elemento susceptible de protecci\u00f3n por derechos de propiedad intelectual o industrial, son titularidad exclusiva del aut\u00f3nomo o cuenta con autorizaci\u00f3n o licencia de los titulares de sus derechos de explotaci\u00f3n. Todos los nombres comerciales, marcas o signos distintivos, logotipos, s\u00edmbolos, marcas mixtas, figurativas o nominativas que aparecen en este Sitio Web pertenecen a la Empresa o \u00e9sta tiene, previa autorizaci\u00f3n, el derecho a utilizarlos y est\u00e1n protegidos por la legislaci\u00f3n vigente al respecto.<br \/>Salvo para aquellos contenidos en los que expresamente se establezca otra licencia aplicable, el aut\u00f3nomo no concede ninguna licencia de uso o autorizaci\u00f3n sobre sus derechos de propiedad industrial e intelectual o sobre cualquier otra propiedad o derecho relacionado con el Sitio Web, salvo acuerdo expreso con terceros.<\/p><p>Los usuarios podr\u00e1n reproducir los contenidos del Sitio Web con el \u00fanico fin de proceder a su almacenamiento, a la realizaci\u00f3n de copias de seguridad o a su impresi\u00f3n sobre papel para uso privado.<br \/>Al margen de lo anterior, queda prohibida toda reproducci\u00f3n, distribuci\u00f3n, transformaci\u00f3n, presentaci\u00f3n, total o parcial, del contenido de la Web o de alguno de sus elementos, de forma directa o indirecta por redes telem\u00e1ticas o medios an\u00e1logos, con un fin comercial dirigido al p\u00fablico o para una utilizaci\u00f3n distinta de las mencionadas, a\u00fan citando la fuente, siempre que no se cuente con la autorizaci\u00f3n expresa y por escrito del aut\u00f3nomo y, en su caso, de terceros colaboradores. Quedan especialmente prohibidos los siguientes:<br \/>La presentaci\u00f3n de una p\u00e1gina del Sitio Web en un marco de otra p\u00e1gina web que no sea propiedad del aut\u00f3nomo, utilizando la t\u00e9cnica conocida como \"framing\" o una t\u00e9cnica similar, a menos que se obtenga el consentimiento expreso y por escrito de la Empresa.<br \/>La inserci\u00f3n de una imagen difundida en el Sitio Web en una p\u00e1gina o base de datos, que no pertenezca al aut\u00f3nomo, mediante la t\u00e9cnica conocida como \"in line linking\" o una t\u00e9cnica similar, si ello no cuenta con la autorizaci\u00f3n expresa de la Empresa.<br \/>La extracci\u00f3n y utilizaci\u00f3n de elementos del sitio web, cause o no perjuicio al aut\u00f3nomo, de conformidad con lo dispuesto en el Real Decreto Legislativo 1\/1996, de 12 de abril, por el que se aprueba el Texto Refundido de la Ley de Propiedad Intelectual y en la Ley 5\/1998, de 6 de marzo, de Incorporaci\u00f3n al Derecho Espa\u00f1ol de la Directiva 96\/9\/CE sobre la Protecci\u00f3n Jur\u00eddica de las Bases de Datos.<br \/>El aut\u00f3nomo deber\u00e1 autorizar expresamente el establecimiento de enlaces de hipertexto (hiperv\u00ednculos) en otro sitio web dirigidos a la p\u00e1gina principal de este sitio web o a cualquier otra p\u00e1gina interna de este sitio web, siempre que las correspondientes p\u00e1ginas aparezcan en una ventana completa y bajo las direcciones electr\u00f3nicas del mismo.<br \/>El incumplimiento de lo anterior facultar\u00e1 al aut\u00f3nomo para ejercitar cuantas acciones le reconozca la ley para la defensa de sus leg\u00edtimos intereses.<\/p><p>Archivos temporales de informaci\u00f3n<br \/>Para el correcto funcionamiento y visualizaci\u00f3n del Sitio Web, la Empresa utiliza ficheros temporales de informaci\u00f3n que el servidor env\u00eda al ordenador del usuario. Puede encontrar m\u00e1s informaci\u00f3n al respecto en nuestra \"Pol\u00edtica de Cookies\".<br \/>Enlaces<br \/>Los enlaces externos que puede encontrar en el Sitio Web conducen a otros sitios web propiedad de terceros. La Empresa no se responsabiliza del contenido de estos sitios ni garantiza su veracidad o actualizaci\u00f3n. La presencia de estos enlaces en nuestro Sitio Web tiene finalidad meramente informativa y en ning\u00fan caso supone sugerencia, invitaci\u00f3n o recomendaci\u00f3n sobre los mismos.<br \/>Legislaci\u00f3n aplicable<br \/>Las presentes condiciones se rigen por la legislaci\u00f3n espa\u00f1ola. Cualquier controversia o cuesti\u00f3n relativa al Sitio Web o a las presentes condiciones legales ser\u00e1 resuelta ante los Juzgados y Tribunales de Granada. Si el Usuario tuviera la condici\u00f3n de Consumidor o Usuario conforme a las definiciones del TRLGDCU, la resoluci\u00f3n de tales posibles controversias se resolver\u00e1 ante los Juzgados y Tribunales del domicilio del Usuario.<br \/>Si alguna de las cl\u00e1usulas de este aviso legal fuera declarada nula o ineficaz, en todo o en parte, no conllevar\u00e1 la nulidad de las restantes, que seguir\u00e1n vigentes si la Empresa no declara lo contrario.<br \/>Le recordamos que puede acceder a la plataforma de resoluci\u00f3n de litigios en l\u00ednea de la Uni\u00f3n Europea siguiendo este enlace:<br \/><a href=\"https:\/\/ec.europa.eu\/consumers\/odr\/main\/?event=main.home2.show\">Ver aqu\u00ed<\/a><br \/>Los precios indicados incluyen todos los servicios y conceptos del curso.<br \/>Aquellas entidades que deseen contratar acciones formativas de esta web para ofertarlas a sus propios clientes, ya sean empresas o particulares, deber\u00e1n solicitar autorizaci\u00f3n expresa del aut\u00f3nomo para poder incluirlas en su cat\u00e1logo, que deber\u00e1 ofrecer siempre informaci\u00f3n clara e inequ\u00edvoca sobre el papel que la Empresa representa como entidad impartidora, limit\u00e1ndose dichas entidades a presentarse como empresas consultoras. En ning\u00fan caso podr\u00e1n incluir en sus cat\u00e1logos acciones formativas para aut\u00f3nomos homologadas, acreditadas o impartidas conjuntamente con otras entidades de formaci\u00f3n, especialmente titulaciones universitarias.<\/p>\t\t\t\t\t\t\t\t<\/div>\n\t\t\t\t<\/div>\n\t\t\t\t\t<\/div>\n\t\t\t\t<\/div>\n\t\t\t\t<\/div>","protected":false},"excerpt":{"rendered":"<p>Legal notice Legal noticeIdentification data.This website is owned by the self-employed Joshua John Weatherburn (hereinafter, Self-employed) with registered office at C\/ San Luis 12 4\u00ba I, zip code: 47012, Valladolid,\u00a0 Valladolid, with NIE Y7937054..You can contact us by phone at 611697741 or by email at englishavenuevalladolid@gmail.comIntroduction.This legal notice regulates the use of the Website service [&hellip;]<\/p>","protected":false},"author":2,"featured_media":0,"parent":0,"menu_order":0,"comment_status":"closed","ping_status":"closed","template":"elementor_header_footer","meta":{"site-sidebar-layout":"no-sidebar","site-content-layout":"page-builder","ast-site-content-layout":"full-width-container","site-content-style":"default","site-sidebar-style":"default","ast-global-header-display":"","ast-banner-title-visibility":"","ast-main-header-display":"","ast-hfb-above-header-display":"","ast-hfb-below-header-display":"","ast-hfb-mobile-header-display":"","site-post-title":"disabled","ast-breadcrumbs-content":"","ast-featured-img":"disabled","footer-sml-layout":"","ast-disable-related-posts":"","theme-transparent-header-meta":"","adv-header-id-meta":"","stick-header-meta":"","header-above-stick-meta":"","header-main-stick-meta":"","header-below-stick-meta":"","astra-migrate-meta-layouts":"default","ast-page-background-enabled":"default","ast-page-background-meta":{"desktop":{"background-color":"","background-image":"","background-repeat":"repeat","background-position":"center center","background-size":"auto","background-attachment":"scroll","background-type":"","background-media":"","overlay-type":"","overlay-color":"","overlay-opacity":"","overlay-gradient":""},"tablet":{"background-color":"","background-image":"","background-repeat":"repeat","background-position":"center center","background-size":"auto","background-attachment":"scroll","background-type":"","background-media":"","overlay-type":"","overlay-color":"","overlay-opacity":"","overlay-gradient":""},"mobile":{"background-color":"","background-image":"","background-repeat":"repeat","background-position":"center center","background-size":"auto","background-attachment":"scroll","background-type":"","background-media":"","overlay-type":"","overlay-color":"","overlay-opacity":"","overlay-gradient":""}},"ast-content-background-meta":{"desktop":{"background-color":"var(--ast-global-color-5)","background-image":"","background-repeat":"repeat","background-position":"center center","background-size":"auto","background-attachment":"scroll","background-type":"","background-media":"","overlay-type":"","overlay-color":"","overlay-opacity":"","overlay-gradient":""},"tablet":{"background-color":"var(--ast-global-color-5)","background-image":"","background-repeat":"repeat","background-position":"center center","background-size":"auto","background-attachment":"scroll","background-type":"","background-media":"","overlay-type":"","overlay-color":"","overlay-opacity":"","overlay-gradient":""},"mobile":{"background-color":"var(--ast-global-color-5)","background-image":"","background-repeat":"repeat","background-position":"center center","background-size":"auto","background-attachment":"scroll","background-type":"","background-media":"","overlay-type":"","overlay-color":"","overlay-opacity":"","overlay-gradient":""}},"footnotes":""},"class_list":["post-15","page","type-page","status-publish","hentry"],"yoast_head":"<!-- This site is optimized with the Yoast SEO plugin v27.4 - https:\/\/yoast.com\/product\/yoast-seo-wordpress\/ -->\n<title>Legal notice - English Avenue<\/title>\n<meta name=\"robots\" content=\"noindex, follow\" \/>\n<meta property=\"og:locale\" content=\"es_ES\" \/>\n<meta property=\"og:type\" content=\"article\" \/>\n<meta property=\"og:title\" content=\"Legal notice - English Avenue\" \/>\n<meta property=\"og:description\" content=\"Legal notice Legal noticeIdentification data.This website is owned by the self-employed Joshua John Weatherburn (hereinafter, Self-employed) with registered office at C\/ San Luis 12 4\u00ba I, zip code: 47012, Valladolid,\u00a0 Valladolid, with NIE Y7937054..You can contact us by phone at 611697741 or by email at englishavenuevalladolid@gmail.comIntroduction.This legal notice regulates the use of the Website service [&hellip;]\" \/>\n<meta property=\"og:url\" content=\"https:\/\/businessenglishavenue.com\/es\/legal-notice\/\" \/>\n<meta property=\"og:site_name\" content=\"English Avenue\" \/>\n<meta property=\"article:modified_time\" content=\"2025-03-13T16:28:31+00:00\" \/>\n<meta name=\"twitter:card\" content=\"summary_large_image\" \/>\n<script type=\"application\/ld+json\" class=\"yoast-schema-graph\">{\"@context\":\"https:\\\/\\\/schema.org\",\"@graph\":[{\"@type\":\"WebPage\",\"@id\":\"https:\\\/\\\/businessenglishavenue.com\\\/legal-notice\\\/\",\"url\":\"https:\\\/\\\/businessenglishavenue.com\\\/legal-notice\\\/\",\"name\":\"Legal notice - English Avenue\",\"isPartOf\":{\"@id\":\"https:\\\/\\\/businessenglishavenue.com\\\/#website\"},\"datePublished\":\"2024-06-18T07:00:47+00:00\",\"dateModified\":\"2025-03-13T16:28:31+00:00\",\"breadcrumb\":{\"@id\":\"https:\\\/\\\/businessenglishavenue.com\\\/legal-notice\\\/#breadcrumb\"},\"inLanguage\":\"es\",\"potentialAction\":[{\"@type\":\"ReadAction\",\"target\":[\"https:\\\/\\\/businessenglishavenue.com\\\/legal-notice\\\/\"]}]},{\"@type\":\"BreadcrumbList\",\"@id\":\"https:\\\/\\\/businessenglishavenue.com\\\/legal-notice\\\/#breadcrumb\",\"itemListElement\":[{\"@type\":\"ListItem\",\"position\":1,\"name\":\"Portada\",\"item\":\"https:\\\/\\\/businessenglishavenue.com\\\/\"},{\"@type\":\"ListItem\",\"position\":2,\"name\":\"Legal notice\"}]},{\"@type\":\"WebSite\",\"@id\":\"https:\\\/\\\/businessenglishavenue.com\\\/#website\",\"url\":\"https:\\\/\\\/businessenglishavenue.com\\\/\",\"name\":\"English Avenue\",\"description\":\"Online Meditation Courses Website\",\"publisher\":{\"@id\":\"https:\\\/\\\/businessenglishavenue.com\\\/#organization\"},\"potentialAction\":[{\"@type\":\"SearchAction\",\"target\":{\"@type\":\"EntryPoint\",\"urlTemplate\":\"https:\\\/\\\/businessenglishavenue.com\\\/?s={search_term_string}\"},\"query-input\":{\"@type\":\"PropertyValueSpecification\",\"valueRequired\":true,\"valueName\":\"search_term_string\"}}],\"inLanguage\":\"es\"},{\"@type\":\"Organization\",\"@id\":\"https:\\\/\\\/businessenglishavenue.com\\\/#organization\",\"name\":\"English Avenue\",\"url\":\"https:\\\/\\\/businessenglishavenue.com\\\/\",\"logo\":{\"@type\":\"ImageObject\",\"inLanguage\":\"es\",\"@id\":\"https:\\\/\\\/businessenglishavenue.com\\\/#\\\/schema\\\/logo\\\/image\\\/\",\"url\":\"https:\\\/\\\/businessenglishavenue.com\\\/wp-content\\\/uploads\\\/2024\\\/09\\\/busniess-english-avenue.png\",\"contentUrl\":\"https:\\\/\\\/businessenglishavenue.com\\\/wp-content\\\/uploads\\\/2024\\\/09\\\/busniess-english-avenue.png\",\"width\":601,\"height\":556,\"caption\":\"English Avenue\"},\"image\":{\"@id\":\"https:\\\/\\\/businessenglishavenue.com\\\/#\\\/schema\\\/logo\\\/image\\\/\"}}]}<\/script>\n<!-- \/ Yoast SEO plugin. -->","yoast_head_json":{"title":"Legal notice - English Avenue","robots":{"index":"noindex","follow":"follow"},"og_locale":"es_ES","og_type":"article","og_title":"Legal notice - English Avenue","og_description":"Legal notice Legal noticeIdentification data.This website is owned by the self-employed Joshua John Weatherburn (hereinafter, Self-employed) with registered office at C\/ San Luis 12 4\u00ba I, zip code: 47012, Valladolid,\u00a0 Valladolid, with NIE Y7937054..You can contact us by phone at 611697741 or by email at englishavenuevalladolid@gmail.comIntroduction.This legal notice regulates the use of the Website service [&hellip;]","og_url":"https:\/\/businessenglishavenue.com\/es\/legal-notice\/","og_site_name":"English Avenue","article_modified_time":"2025-03-13T16:28:31+00:00","twitter_card":"summary_large_image","schema":{"@context":"https:\/\/schema.org","@graph":[{"@type":"WebPage","@id":"https:\/\/businessenglishavenue.com\/legal-notice\/","url":"https:\/\/businessenglishavenue.com\/legal-notice\/","name":"Legal notice - English Avenue","isPartOf":{"@id":"https:\/\/businessenglishavenue.com\/#website"},"datePublished":"2024-06-18T07:00:47+00:00","dateModified":"2025-03-13T16:28:31+00:00","breadcrumb":{"@id":"https:\/\/businessenglishavenue.com\/legal-notice\/#breadcrumb"},"inLanguage":"es","potentialAction":[{"@type":"ReadAction","target":["https:\/\/businessenglishavenue.com\/legal-notice\/"]}]},{"@type":"BreadcrumbList","@id":"https:\/\/businessenglishavenue.com\/legal-notice\/#breadcrumb","itemListElement":[{"@type":"ListItem","position":1,"name":"Portada","item":"https:\/\/businessenglishavenue.com\/"},{"@type":"ListItem","position":2,"name":"Legal notice"}]},{"@type":"WebSite","@id":"https:\/\/businessenglishavenue.com\/#website","url":"https:\/\/businessenglishavenue.com\/","name":"Avenida de Inglaterra","description":"P\u00e1gina web de cursos de meditaci\u00f3n en l\u00ednea","publisher":{"@id":"https:\/\/businessenglishavenue.com\/#organization"},"potentialAction":[{"@type":"SearchAction","target":{"@type":"EntryPoint","urlTemplate":"https:\/\/businessenglishavenue.com\/?s={search_term_string}"},"query-input":{"@type":"PropertyValueSpecification","valueRequired":true,"valueName":"search_term_string"}}],"inLanguage":"es"},{"@type":"Organization","@id":"https:\/\/businessenglishavenue.com\/#organization","name":"Avenida de Inglaterra","url":"https:\/\/businessenglishavenue.com\/","logo":{"@type":"ImageObject","inLanguage":"es","@id":"https:\/\/businessenglishavenue.com\/#\/schema\/logo\/image\/","url":"https:\/\/businessenglishavenue.com\/wp-content\/uploads\/2024\/09\/busniess-english-avenue.png","contentUrl":"https:\/\/businessenglishavenue.com\/wp-content\/uploads\/2024\/09\/busniess-english-avenue.png","width":601,"height":556,"caption":"English Avenue"},"image":{"@id":"https:\/\/businessenglishavenue.com\/#\/schema\/logo\/image\/"}}]}},"_links":{"self":[{"href":"https:\/\/businessenglishavenue.com\/es\/wp-json\/wp\/v2\/pages\/15","targetHints":{"allow":["GET"]}}],"collection":[{"href":"https:\/\/businessenglishavenue.com\/es\/wp-json\/wp\/v2\/pages"}],"about":[{"href":"https:\/\/businessenglishavenue.com\/es\/wp-json\/wp\/v2\/types\/page"}],"author":[{"embeddable":true,"href":"https:\/\/businessenglishavenue.com\/es\/wp-json\/wp\/v2\/users\/2"}],"replies":[{"embeddable":true,"href":"https:\/\/businessenglishavenue.com\/es\/wp-json\/wp\/v2\/comments?post=15"}],"version-history":[{"count":35,"href":"https:\/\/businessenglishavenue.com\/es\/wp-json\/wp\/v2\/pages\/15\/revisions"}],"predecessor-version":[{"id":2421,"href":"https:\/\/businessenglishavenue.com\/es\/wp-json\/wp\/v2\/pages\/15\/revisions\/2421"}],"wp:attachment":[{"href":"https:\/\/businessenglishavenue.com\/es\/wp-json\/wp\/v2\/media?parent=15"}],"curies":[{"name":"wp","href":"https:\/\/api.w.org\/{rel}","templated":true}]}}