{"id":14,"date":"2024-06-18T09:00:25","date_gmt":"2024-06-18T07:00:25","guid":{"rendered":"https:\/\/businessenglishavenue.com\/?page_id=14"},"modified":"2025-03-13T17:31:01","modified_gmt":"2025-03-13T16:31:01","slug":"cookie-policy","status":"publish","type":"page","link":"https:\/\/businessenglishavenue.com\/es\/cookie-policy\/","title":{"rendered":"Pol\u00edtica de cookies"},"content":{"rendered":"<div data-elementor-type=\"wp-page\" data-elementor-id=\"14\" class=\"elementor elementor-14\" data-elementor-post-type=\"page\">\n\t\t\t\t<div class=\"elementor-element elementor-element-cc3045c e-flex e-con-boxed e-con e-parent\" data-id=\"cc3045c\" data-element_type=\"container\" data-e-type=\"container\" data-settings=\"{&quot;background_background&quot;:&quot;classic&quot;}\">\n\t\t\t\t\t<div class=\"e-con-inner\">\n\t\t<div class=\"elementor-element elementor-element-038583e e-con-full e-flex e-con e-child\" data-id=\"038583e\" data-element_type=\"container\" data-e-type=\"container\">\n\t\t\t\t<div class=\"elementor-element elementor-element-244dc9d elementor-widget elementor-widget-heading\" data-id=\"244dc9d\" data-element_type=\"widget\" data-e-type=\"widget\" data-widget_type=\"heading.default\">\n\t\t\t\t<div class=\"elementor-widget-container\">\n\t\t\t\t\t<h1 class=\"elementor-heading-title elementor-size-default\">Pol\u00edtica de cookies<\/h1>\t\t\t\t<\/div>\n\t\t\t\t<\/div>\n\t\t\t\t<\/div>\n\t\t\t\t\t<\/div>\n\t\t\t\t<\/div>\n\t\t<div class=\"elementor-element elementor-element-1fbba84 e-flex e-con-boxed e-con e-parent\" data-id=\"1fbba84\" data-element_type=\"container\" data-e-type=\"container\">\n\t\t\t\t\t<div class=\"e-con-inner\">\n\t\t\t\t<div class=\"elementor-element elementor-element-17834ad elementor-widget elementor-widget-text-editor\" data-id=\"17834ad\" data-element_type=\"widget\" data-e-type=\"widget\" data-widget_type=\"text-editor.default\">\n\t\t\t\t<div class=\"elementor-widget-container\">\n\t\t\t\t\t\t\t\t\t<p>1. Introducci\u00f3n<br \/>En English Avenue utilizamos cookies y tecnolog\u00edas similares para mejorar la experiencia de nuestros usuarios, personalizar los contenidos y analizar nuestro tr\u00e1fico. Esta Pol\u00edtica de Cookies explica qu\u00e9 son las cookies, c\u00f3mo las utilizamos en nuestra plataforma de ense\u00f1anza de ingl\u00e9s online y las opciones que tienen los usuarios para gestionarlas.<br \/>2. \u00bfQu\u00e9 son las cookies?<br \/>Las cookies son peque\u00f1os archivos de texto que se almacenan en su dispositivo (ordenador, smartphone, tableta) cuando visita un sitio web. Estos archivos permiten al sitio web recordar sus preferencias y acciones (como el inicio de sesi\u00f3n o el idioma preferido) durante un periodo determinado, mejorando as\u00ed su experiencia de navegaci\u00f3n.<br \/>3. Tipos de cookies que utilizamos<br \/>En [Nombre de la plataforma] utilizamos diferentes tipos de cookies en funci\u00f3n de su finalidad:<br \/>Cookies esenciales: Estas cookies son necesarias para el funcionamiento de nuestra plataforma. Nos permiten ofrecer servicios b\u00e1sicos, como iniciar sesi\u00f3n en su cuenta y mantener la seguridad de la plataforma. Sin estas cookies, algunos servicios no estar\u00edan disponibles.<br \/>Cookies de rendimiento y an\u00e1lisis: Estas cookies recopilan informaci\u00f3n an\u00f3nima sobre c\u00f3mo interact\u00faan los usuarios con nuestra plataforma, lo que nos permite analizar y mejorar el rendimiento de nuestro sitio. Por ejemplo, nos ayudan a saber qu\u00e9 secciones se visitan con m\u00e1s frecuencia y si los usuarios encuentran errores.<br \/>Cookies de Funcionalidad: Estas cookies le permiten personalizar su experiencia en la plataforma, guardando sus preferencias y ajustes (por ejemplo, idioma o velocidad de v\u00eddeo) para que no tenga que ajustarlos cada vez que inicie sesi\u00f3n.<br \/>4. Cookies de terceros<br \/>Algunos servicios de terceros que utilizamos para mejorar la experiencia de nuestros usuarios, como los servicios de an\u00e1lisis o de redes sociales, tambi\u00e9n pueden almacenar cookies en su dispositivo cuando visita nuestra plataforma. Estas cookies se rigen por las pol\u00edticas de privacidad de los proveedores externos, como Google Analytics o Facebook Pixel.<br \/>Servicios comunes de terceros<br \/>Google Analytics: Para el an\u00e1lisis de datos.<br \/>P\u00edxel de Facebook: Con fines publicitarios y de segmentaci\u00f3n.<br \/>YouTube\/Vimeo: Para la integraci\u00f3n de contenidos multimedia (v\u00eddeos de clase o tutoriales).<br \/>Zendesk\/LiveChat: Para asistencia y soporte en directo.<br \/>5. Gesti\u00f3n y control de cookies<br \/>Como usuario, tiene la opci\u00f3n de aceptar o rechazar las cookies en cualquier momento. Puede ajustar sus preferencias de cookies en el banner de consentimiento que aparece cuando accede por primera vez a la plataforma o en la configuraci\u00f3n de cookies, disponible en el pie de p\u00e1gina de nuestro sitio.<br \/>Adem\u00e1s, puede configurar su navegador para bloquear o eliminar cookies espec\u00edficas. Sin embargo, tenga en cuenta que desactivar las cookies esenciales puede afectar al funcionamiento de nuestra plataforma y limitar algunas funciones.<br \/>Gu\u00eda para desactivar las cookies en los navegadores<br \/>Google Chrome: Instrucciones en el soporte de Google.<br \/>Mozilla Firefox: Instrucciones sobre el soporte de Mozilla.<br \/>Safari: Instrucciones en el soporte de Apple.<br \/>Microsoft Edge: Instrucciones en el soporte de Microsoft.<br \/>6. Cambios en la pol\u00edtica de cookies<br \/>Podemos actualizar esta Pol\u00edtica de Cookies de vez en cuando para reflejar los cambios en nuestras pr\u00e1cticas o leyes aplicables. La fecha de la \u00faltima actualizaci\u00f3n aparecer\u00e1 en la parte superior de esta pol\u00edtica. Le recomendamos que revise esta p\u00e1gina peri\u00f3dicamente para estar informado de cualquier cambio.<br \/>7. Contacto<br \/>Si tiene alguna pregunta sobre nuestra Pol\u00edtica de Cookies, puede ponerse en contacto con nosotros en:<br \/>Correo electr\u00f3nico: Englishavenuevalladolid@gmail.com<\/p>\t\t\t\t\t\t\t\t<\/div>\n\t\t\t\t<\/div>\n\t\t\t\t\t<\/div>\n\t\t\t\t<\/div>\n\t\t\t\t<\/div>","protected":false},"excerpt":{"rendered":"<p>Cookie Policy 1. IntroductionAt English Avenue, we use cookies and similar technologies to improve our users&#8217; experience, personalize content, and analyze our traffic. This Cookie Policy explains what cookies are, how we use them on our online English teaching platform, and the options users have to manage them.2. What are Cookies?Cookies are small text files [&hellip;]<\/p>","protected":false},"author":2,"featured_media":0,"parent":0,"menu_order":0,"comment_status":"closed","ping_status":"closed","template":"elementor_header_footer","meta":{"site-sidebar-layout":"no-sidebar","site-content-layout":"page-builder","ast-site-content-layout":"full-width-container","site-content-style":"default","site-sidebar-style":"default","ast-global-header-display":"","ast-banner-title-visibility":"","ast-main-header-display":"","ast-hfb-above-header-display":"","ast-hfb-below-header-display":"","ast-hfb-mobile-header-display":"","site-post-title":"disabled","ast-breadcrumbs-content":"","ast-featured-img":"disabled","footer-sml-layout":"","ast-disable-related-posts":"","theme-transparent-header-meta":"","adv-header-id-meta":"","stick-header-meta":"","header-above-stick-meta":"","header-main-stick-meta":"","header-below-stick-meta":"","astra-migrate-meta-layouts":"default","ast-page-background-enabled":"default","ast-page-background-meta":{"desktop":{"background-color":"","background-image":"","background-repeat":"repeat","background-position":"center center","background-size":"auto","background-attachment":"scroll","background-type":"","background-media":"","overlay-type":"","overlay-color":"","overlay-opacity":"","overlay-gradient":""},"tablet":{"background-color":"","background-image":"","background-repeat":"repeat","background-position":"center center","background-size":"auto","background-attachment":"scroll","background-type":"","background-media":"","overlay-type":"","overlay-color":"","overlay-opacity":"","overlay-gradient":""},"mobile":{"background-color":"","background-image":"","background-repeat":"repeat","background-position":"center center","background-size":"auto","background-attachment":"scroll","background-type":"","background-media":"","overlay-type":"","overlay-color":"","overlay-opacity":"","overlay-gradient":""}},"ast-content-background-meta":{"desktop":{"background-color":"var(--ast-global-color-5)","background-image":"","background-repeat":"repeat","background-position":"center center","background-size":"auto","background-attachment":"scroll","background-type":"","background-media":"","overlay-type":"","overlay-color":"","overlay-opacity":"","overlay-gradient":""},"tablet":{"background-color":"var(--ast-global-color-5)","background-image":"","background-repeat":"repeat","background-position":"center center","background-size":"auto","background-attachment":"scroll","background-type":"","background-media":"","overlay-type":"","overlay-color":"","overlay-opacity":"","overlay-gradient":""},"mobile":{"background-color":"var(--ast-global-color-5)","background-image":"","background-repeat":"repeat","background-position":"center center","background-size":"auto","background-attachment":"scroll","background-type":"","background-media":"","overlay-type":"","overlay-color":"","overlay-opacity":"","overlay-gradient":""}},"footnotes":""},"class_list":["post-14","page","type-page","status-publish","hentry"],"yoast_head":"<!-- This site is optimized with the Yoast SEO plugin v27.4 - https:\/\/yoast.com\/product\/yoast-seo-wordpress\/ -->\n<title>Cookie Policy - English Avenue<\/title>\n<meta name=\"robots\" content=\"noindex, follow\" \/>\n<meta property=\"og:locale\" content=\"es_ES\" \/>\n<meta property=\"og:type\" content=\"article\" \/>\n<meta property=\"og:title\" content=\"Cookie Policy - English Avenue\" \/>\n<meta property=\"og:description\" content=\"Cookie Policy 1. IntroductionAt English Avenue, we use cookies and similar technologies to improve our users&#8217; experience, personalize content, and analyze our traffic. This Cookie Policy explains what cookies are, how we use them on our online English teaching platform, and the options users have to manage them.2. What are Cookies?Cookies are small text files [&hellip;]\" \/>\n<meta property=\"og:url\" content=\"https:\/\/businessenglishavenue.com\/es\/cookie-policy\/\" \/>\n<meta property=\"og:site_name\" content=\"English Avenue\" \/>\n<meta property=\"article:modified_time\" content=\"2025-03-13T16:31:01+00:00\" \/>\n<meta name=\"twitter:card\" content=\"summary_large_image\" \/>\n<script type=\"application\/ld+json\" class=\"yoast-schema-graph\">{\"@context\":\"https:\\\/\\\/schema.org\",\"@graph\":[{\"@type\":\"WebPage\",\"@id\":\"https:\\\/\\\/businessenglishavenue.com\\\/cookie-policy\\\/\",\"url\":\"https:\\\/\\\/businessenglishavenue.com\\\/cookie-policy\\\/\",\"name\":\"Cookie Policy - English Avenue\",\"isPartOf\":{\"@id\":\"https:\\\/\\\/businessenglishavenue.com\\\/#website\"},\"datePublished\":\"2024-06-18T07:00:25+00:00\",\"dateModified\":\"2025-03-13T16:31:01+00:00\",\"breadcrumb\":{\"@id\":\"https:\\\/\\\/businessenglishavenue.com\\\/cookie-policy\\\/#breadcrumb\"},\"inLanguage\":\"es\",\"potentialAction\":[{\"@type\":\"ReadAction\",\"target\":[\"https:\\\/\\\/businessenglishavenue.com\\\/cookie-policy\\\/\"]}]},{\"@type\":\"BreadcrumbList\",\"@id\":\"https:\\\/\\\/businessenglishavenue.com\\\/cookie-policy\\\/#breadcrumb\",\"itemListElement\":[{\"@type\":\"ListItem\",\"position\":1,\"name\":\"Portada\",\"item\":\"https:\\\/\\\/businessenglishavenue.com\\\/\"},{\"@type\":\"ListItem\",\"position\":2,\"name\":\"Cookie Policy\"}]},{\"@type\":\"WebSite\",\"@id\":\"https:\\\/\\\/businessenglishavenue.com\\\/#website\",\"url\":\"https:\\\/\\\/businessenglishavenue.com\\\/\",\"name\":\"English Avenue\",\"description\":\"Online Meditation Courses Website\",\"publisher\":{\"@id\":\"https:\\\/\\\/businessenglishavenue.com\\\/#organization\"},\"potentialAction\":[{\"@type\":\"SearchAction\",\"target\":{\"@type\":\"EntryPoint\",\"urlTemplate\":\"https:\\\/\\\/businessenglishavenue.com\\\/?s={search_term_string}\"},\"query-input\":{\"@type\":\"PropertyValueSpecification\",\"valueRequired\":true,\"valueName\":\"search_term_string\"}}],\"inLanguage\":\"es\"},{\"@type\":\"Organization\",\"@id\":\"https:\\\/\\\/businessenglishavenue.com\\\/#organization\",\"name\":\"English Avenue\",\"url\":\"https:\\\/\\\/businessenglishavenue.com\\\/\",\"logo\":{\"@type\":\"ImageObject\",\"inLanguage\":\"es\",\"@id\":\"https:\\\/\\\/businessenglishavenue.com\\\/#\\\/schema\\\/logo\\\/image\\\/\",\"url\":\"https:\\\/\\\/businessenglishavenue.com\\\/wp-content\\\/uploads\\\/2024\\\/09\\\/busniess-english-avenue.png\",\"contentUrl\":\"https:\\\/\\\/businessenglishavenue.com\\\/wp-content\\\/uploads\\\/2024\\\/09\\\/busniess-english-avenue.png\",\"width\":601,\"height\":556,\"caption\":\"English Avenue\"},\"image\":{\"@id\":\"https:\\\/\\\/businessenglishavenue.com\\\/#\\\/schema\\\/logo\\\/image\\\/\"}}]}<\/script>\n<!-- \/ Yoast SEO plugin. -->","yoast_head_json":{"title":"Cookie Policy - English Avenue","robots":{"index":"noindex","follow":"follow"},"og_locale":"es_ES","og_type":"article","og_title":"Cookie Policy - English Avenue","og_description":"Cookie Policy 1. IntroductionAt English Avenue, we use cookies and similar technologies to improve our users&#8217; experience, personalize content, and analyze our traffic. This Cookie Policy explains what cookies are, how we use them on our online English teaching platform, and the options users have to manage them.2. What are Cookies?Cookies are small text files [&hellip;]","og_url":"https:\/\/businessenglishavenue.com\/es\/cookie-policy\/","og_site_name":"English Avenue","article_modified_time":"2025-03-13T16:31:01+00:00","twitter_card":"summary_large_image","schema":{"@context":"https:\/\/schema.org","@graph":[{"@type":"WebPage","@id":"https:\/\/businessenglishavenue.com\/cookie-policy\/","url":"https:\/\/businessenglishavenue.com\/cookie-policy\/","name":"Cookie Policy - English Avenue","isPartOf":{"@id":"https:\/\/businessenglishavenue.com\/#website"},"datePublished":"2024-06-18T07:00:25+00:00","dateModified":"2025-03-13T16:31:01+00:00","breadcrumb":{"@id":"https:\/\/businessenglishavenue.com\/cookie-policy\/#breadcrumb"},"inLanguage":"es","potentialAction":[{"@type":"ReadAction","target":["https:\/\/businessenglishavenue.com\/cookie-policy\/"]}]},{"@type":"BreadcrumbList","@id":"https:\/\/businessenglishavenue.com\/cookie-policy\/#breadcrumb","itemListElement":[{"@type":"ListItem","position":1,"name":"Portada","item":"https:\/\/businessenglishavenue.com\/"},{"@type":"ListItem","position":2,"name":"Cookie Policy"}]},{"@type":"WebSite","@id":"https:\/\/businessenglishavenue.com\/#website","url":"https:\/\/businessenglishavenue.com\/","name":"Avenida de Inglaterra","description":"P\u00e1gina web de cursos de meditaci\u00f3n en l\u00ednea","publisher":{"@id":"https:\/\/businessenglishavenue.com\/#organization"},"potentialAction":[{"@type":"SearchAction","target":{"@type":"EntryPoint","urlTemplate":"https:\/\/businessenglishavenue.com\/?s={search_term_string}"},"query-input":{"@type":"PropertyValueSpecification","valueRequired":true,"valueName":"search_term_string"}}],"inLanguage":"es"},{"@type":"Organization","@id":"https:\/\/businessenglishavenue.com\/#organization","name":"Avenida de Inglaterra","url":"https:\/\/businessenglishavenue.com\/","logo":{"@type":"ImageObject","inLanguage":"es","@id":"https:\/\/businessenglishavenue.com\/#\/schema\/logo\/image\/","url":"https:\/\/businessenglishavenue.com\/wp-content\/uploads\/2024\/09\/busniess-english-avenue.png","contentUrl":"https:\/\/businessenglishavenue.com\/wp-content\/uploads\/2024\/09\/busniess-english-avenue.png","width":601,"height":556,"caption":"English Avenue"},"image":{"@id":"https:\/\/businessenglishavenue.com\/#\/schema\/logo\/image\/"}}]}},"_links":{"self":[{"href":"https:\/\/businessenglishavenue.com\/es\/wp-json\/wp\/v2\/pages\/14","targetHints":{"allow":["GET"]}}],"collection":[{"href":"https:\/\/businessenglishavenue.com\/es\/wp-json\/wp\/v2\/pages"}],"about":[{"href":"https:\/\/businessenglishavenue.com\/es\/wp-json\/wp\/v2\/types\/page"}],"author":[{"embeddable":true,"href":"https:\/\/businessenglishavenue.com\/es\/wp-json\/wp\/v2\/users\/2"}],"replies":[{"embeddable":true,"href":"https:\/\/businessenglishavenue.com\/es\/wp-json\/wp\/v2\/comments?post=14"}],"version-history":[{"count":29,"href":"https:\/\/businessenglishavenue.com\/es\/wp-json\/wp\/v2\/pages\/14\/revisions"}],"predecessor-version":[{"id":2430,"href":"https:\/\/businessenglishavenue.com\/es\/wp-json\/wp\/v2\/pages\/14\/revisions\/2430"}],"wp:attachment":[{"href":"https:\/\/businessenglishavenue.com\/es\/wp-json\/wp\/v2\/media?parent=14"}],"curies":[{"name":"wp","href":"https:\/\/api.w.org\/{rel}","templated":true}]}}