{"id":13,"date":"2024-09-26T14:06:21","date_gmt":"2024-09-26T12:06:21","guid":{"rendered":"https:\/\/businessenglishavenue.com\/about\/"},"modified":"2025-05-20T17:52:25","modified_gmt":"2025-05-20T15:52:25","slug":"about","status":"publish","type":"page","link":"https:\/\/businessenglishavenue.com\/es\/about\/","title":{"rendered":"Acerca de"},"content":{"rendered":"<div data-elementor-type=\"wp-page\" data-elementor-id=\"13\" class=\"elementor elementor-13\" data-elementor-post-type=\"page\">\n\t\t\t\t<div class=\"elementor-element elementor-element-40dc70b e-flex e-con-boxed e-con e-parent\" data-id=\"40dc70b\" data-element_type=\"container\" data-e-type=\"container\" data-settings=\"{&quot;background_background&quot;:&quot;classic&quot;}\">\n\t\t\t\t\t<div class=\"e-con-inner\">\n\t\t<div class=\"elementor-element elementor-element-5c76106 e-con-full e-flex e-con e-child\" data-id=\"5c76106\" data-element_type=\"container\" data-e-type=\"container\">\n\t\t\t\t<div class=\"elementor-element elementor-element-da39a98 elementor-widget elementor-widget-heading\" data-id=\"da39a98\" data-element_type=\"widget\" data-e-type=\"widget\" data-widget_type=\"heading.default\">\n\t\t\t\t<div class=\"elementor-widget-container\">\n\t\t\t\t\t<h1 class=\"elementor-heading-title elementor-size-default\">Acerca de<\/h1>\t\t\t\t<\/div>\n\t\t\t\t<\/div>\n\t\t\t\t<div class=\"elementor-element elementor-element-fc8eed8 elementor-widget elementor-widget-text-editor\" data-id=\"fc8eed8\" data-element_type=\"widget\" data-e-type=\"widget\" data-widget_type=\"text-editor.default\">\n\t\t\t\t<div class=\"elementor-widget-container\">\n\t\t\t\t\t\t\t\t\t<p>\u00a0Soy Joshua, un experto global en ingl\u00e9s de negocios dedicado a ayudar a profesionales como t\u00fa a dominar el idioma del \u00e9xito. Con a\u00f1os de experiencia ense\u00f1ando en todo el mundo, estoy aqu\u00ed para guiarte en tu viaje hacia un ingl\u00e9s fluido y seguro.<\/p>\t\t\t\t\t\t\t\t<\/div>\n\t\t\t\t<\/div>\n\t\t\t\t<\/div>\n\t\t\t\t\t<\/div>\n\t\t\t\t<\/div>\n\t\t<div class=\"elementor-element elementor-element-5213b24 e-flex e-con-boxed e-con e-parent\" data-id=\"5213b24\" data-element_type=\"container\" data-e-type=\"container\" data-settings=\"{&quot;background_background&quot;:&quot;classic&quot;}\">\n\t\t\t\t\t<div class=\"e-con-inner\">\n\t\t<div class=\"elementor-element elementor-element-e2f00b7 e-con-full e-flex e-con e-child\" data-id=\"e2f00b7\" data-element_type=\"container\" data-e-type=\"container\" data-settings=\"{&quot;background_background&quot;:&quot;classic&quot;}\">\n\t\t\t\t<div class=\"elementor-element elementor-element-c42558e elementor-widget elementor-widget-heading\" data-id=\"c42558e\" data-element_type=\"widget\" data-e-type=\"widget\" data-widget_type=\"heading.default\">\n\t\t\t\t<div class=\"elementor-widget-container\">\n\t\t\t\t\t<h3 class=\"elementor-heading-title elementor-size-default\">Experto mundial en ingl\u00e9s comercial<\/h3>\t\t\t\t<\/div>\n\t\t\t\t<\/div>\n\t\t\t\t<div class=\"elementor-element elementor-element-e0cd0b8 elementor-widget-divider--view-line elementor-widget elementor-widget-divider\" data-id=\"e0cd0b8\" data-element_type=\"widget\" data-e-type=\"widget\" data-widget_type=\"divider.default\">\n\t\t\t\t<div class=\"elementor-widget-container\">\n\t\t\t\t\t\t\t<div class=\"elementor-divider\">\n\t\t\t<span class=\"elementor-divider-separator\">\n\t\t\t\t\t\t<\/span>\n\t\t<\/div>\n\t\t\t\t\t\t<\/div>\n\t\t\t\t<\/div>\n\t\t\t\t<div class=\"elementor-element elementor-element-51e998e elementor-widget elementor-widget-text-editor\" data-id=\"51e998e\" data-element_type=\"widget\" data-e-type=\"widget\" data-widget_type=\"text-editor.default\">\n\t\t\t\t<div class=\"elementor-widget-container\">\n\t\t\t\t\t\t\t\t\t<p>\"Mejore su ingl\u00e9s comercial y abra nuevas oportunidades\"<\/p>\t\t\t\t\t\t\t\t<\/div>\n\t\t\t\t<\/div>\n\t\t\t\t<div class=\"elementor-element elementor-element-8859527 elementor-widget elementor-widget-text-editor\" data-id=\"8859527\" data-element_type=\"widget\" data-e-type=\"widget\" data-widget_type=\"text-editor.default\">\n\t\t\t\t<div class=\"elementor-widget-container\">\n\t\t\t\t\t\t\t\t\t<p>Joshua, originario del Reino Unido, lleva a\u00f1os ense\u00f1ando ingl\u00e9s de negocios en pa\u00edses como Corea del Sur, Jap\u00f3n, Colombia y Espa\u00f1a. Con un m\u00e1ster en Educaci\u00f3n y una pasi\u00f3n por el aprendizaje de idiomas, ha desarrollado un enfoque \u00fanico que combina escenarios de negocios del mundo real con habilidades ling\u00fc\u00edsticas pr\u00e1cticas. Su amplia experiencia en la ense\u00f1anza le garantiza un aprendizaje del ingl\u00e9s relevante, atractivo y de aplicaci\u00f3n inmediata en su carrera profesional.<\/p>\t\t\t\t\t\t\t\t<\/div>\n\t\t\t\t<\/div>\n\t\t\t\t<div class=\"elementor-element elementor-element-e090cfd elementor-widget__width-auto elementor-tablet-align-left elementor-mobile-align-justify elementor-widget elementor-widget-button\" data-id=\"e090cfd\" data-element_type=\"widget\" data-e-type=\"widget\" data-widget_type=\"button.default\">\n\t\t\t\t<div class=\"elementor-widget-container\">\n\t\t\t\t\t\t\t\t\t<div class=\"elementor-button-wrapper\">\n\t\t\t\t\t<a class=\"elementor-button elementor-button-link elementor-size-sm\" href=\"https:\/\/businessenglishavenue.com\/es\/contact\/\">\n\t\t\t\t\t\t<span class=\"elementor-button-content-wrapper\">\n\t\t\t\t\t\t\t\t\t<span class=\"elementor-button-text\">P\u00f3ngase en contacto con<\/span>\n\t\t\t\t\t<\/span>\n\t\t\t\t\t<\/a>\n\t\t\t\t<\/div>\n\t\t\t\t\t\t\t\t<\/div>\n\t\t\t\t<\/div>\n\t\t\t\t<\/div>\n\t\t<div class=\"elementor-element elementor-element-567c954 e-con-full e-flex e-con e-child\" data-id=\"567c954\" data-element_type=\"container\" data-e-type=\"container\" data-settings=\"{&quot;background_background&quot;:&quot;classic&quot;}\">\n\t\t\t\t<div class=\"elementor-element elementor-element-564836d elementor-widget elementor-widget-image\" data-id=\"564836d\" data-element_type=\"widget\" data-e-type=\"widget\" data-widget_type=\"image.default\">\n\t\t\t\t<div class=\"elementor-widget-container\">\n\t\t\t\t\t\t\t\t\t\t\t\t\t\t\t<img fetchpriority=\"high\" decoding=\"async\" width=\"768\" height=\"938\" src=\"https:\/\/businessenglishavenue.com\/wp-content\/uploads\/2024\/09\/b9e2ba05-3cb2-48b4-8782-a0949bf7ed6f-1.jpg\" class=\"attachment-full size-full wp-image-1102\" alt=\"profile-english-avenue\" srcset=\"https:\/\/businessenglishavenue.com\/wp-content\/uploads\/2024\/09\/b9e2ba05-3cb2-48b4-8782-a0949bf7ed6f-1.jpg 768w, https:\/\/businessenglishavenue.com\/wp-content\/uploads\/2024\/09\/b9e2ba05-3cb2-48b4-8782-a0949bf7ed6f-1-600x733.jpg 600w, https:\/\/businessenglishavenue.com\/wp-content\/uploads\/2024\/09\/b9e2ba05-3cb2-48b4-8782-a0949bf7ed6f-1-246x300.jpg 246w\" sizes=\"(max-width: 768px) 100vw, 768px\" \/>\t\t\t\t\t\t\t\t\t\t\t\t\t\t\t<\/div>\n\t\t\t\t<\/div>\n\t\t\t\t<\/div>\n\t\t\t\t\t<\/div>\n\t\t\t\t<\/div>\n\t\t<div class=\"elementor-element elementor-element-c292e3b e-flex e-con-boxed e-con e-parent\" data-id=\"c292e3b\" data-element_type=\"container\" data-e-type=\"container\">\n\t\t\t\t\t<div class=\"e-con-inner\">\n\t\t\t\t<div class=\"elementor-element elementor-element-6f0ebbb elementor-widget elementor-widget-heading\" data-id=\"6f0ebbb\" data-element_type=\"widget\" data-e-type=\"widget\" data-widget_type=\"heading.default\">\n\t\t\t\t<div class=\"elementor-widget-container\">\n\t\t\t\t\t<h2 class=\"elementor-heading-title elementor-size-default\">Nuestra historia y misi\u00f3n<\/h2>\t\t\t\t<\/div>\n\t\t\t\t<\/div>\n\t\t\t\t<div class=\"elementor-element elementor-element-0c0a2bd elementor-widget elementor-widget-text-editor\" data-id=\"0c0a2bd\" data-element_type=\"widget\" data-e-type=\"widget\" data-widget_type=\"text-editor.default\">\n\t\t\t\t<div class=\"elementor-widget-container\">\n\t\t\t\t\t\t\t\t\t<p>English Avenue se cre\u00f3 a partir de la constataci\u00f3n de Joshua de que muchos recursos de ingl\u00e9s de negocios eran anticuados y confusos. Despu\u00e9s de a\u00f1os ense\u00f1ando en varios pa\u00edses, vio la necesidad de una plataforma fresca y din\u00e1mica que satisfaga las necesidades de los profesionales modernos. Nuestra misi\u00f3n es simple: hacer que el ingl\u00e9s de negocios sea accesible, atractivo y pr\u00e1ctico para aquellos que buscan avanzar en sus carreras y aprovechar nuevas oportunidades.<\/p><p>\u00a0<\/p>\t\t\t\t\t\t\t\t<\/div>\n\t\t\t\t<\/div>\n\t\t<div class=\"elementor-element elementor-element-951e3f8 e-con-full e-flex e-con e-child\" data-id=\"951e3f8\" data-element_type=\"container\" data-e-type=\"container\">\n\t\t<div class=\"elementor-element elementor-element-ff69992 e-con-full e-flex e-con e-child\" data-id=\"ff69992\" data-element_type=\"container\" data-e-type=\"container\">\n\t\t<div class=\"elementor-element elementor-element-1e95b43 e-con-full e-flex e-con e-child\" data-id=\"1e95b43\" data-element_type=\"container\" data-e-type=\"container\">\n\t\t\t\t<div class=\"elementor-element elementor-element-c25eae4 elementor-widget elementor-widget-image\" data-id=\"c25eae4\" data-element_type=\"widget\" data-e-type=\"widget\" data-widget_type=\"image.default\">\n\t\t\t\t<div class=\"elementor-widget-container\">\n\t\t\t\t\t\t\t\t\t\t\t\t\t\t\t\t<a href=\"https:\/\/businessenglishavenue.com\/wp-content\/uploads\/2024\/09\/1.jpg\" data-elementor-open-lightbox=\"yes\" data-e-action-hash=\"#elementor-action%3Aaction%3Dlightbox%26settings%3DeyJpZCI6MTE4MywidXJsIjoiaHR0cHM6XC9cL2J1c2luZXNzZW5nbGlzaGF2ZW51ZS5jb21cL3dwLWNvbnRlbnRcL3VwbG9hZHNcLzIwMjRcLzA5XC8xLmpwZyJ9\">\n\t\t\t\t\t\t\t<img decoding=\"async\" width=\"500\" height=\"500\" src=\"https:\/\/businessenglishavenue.com\/wp-content\/uploads\/2024\/09\/1.jpg\" class=\"attachment-full size-full wp-image-1183\" alt=\"\" srcset=\"https:\/\/businessenglishavenue.com\/wp-content\/uploads\/2024\/09\/1.jpg 500w, https:\/\/businessenglishavenue.com\/wp-content\/uploads\/2024\/09\/1-300x300.jpg 300w, https:\/\/businessenglishavenue.com\/wp-content\/uploads\/2024\/09\/1-100x100.jpg 100w, https:\/\/businessenglishavenue.com\/wp-content\/uploads\/2024\/09\/1-150x150.jpg 150w\" sizes=\"(max-width: 500px) 100vw, 500px\" \/>\t\t\t\t\t\t\t\t<\/a>\n\t\t\t\t\t\t\t\t\t\t\t\t\t\t\t<\/div>\n\t\t\t\t<\/div>\n\t\t\t\t<\/div>\n\t\t<div class=\"elementor-element elementor-element-18be878 e-con-full e-flex e-con e-child\" data-id=\"18be878\" data-element_type=\"container\" data-e-type=\"container\">\n\t\t\t\t<div class=\"elementor-element elementor-element-cd1e3a2 elementor-widget elementor-widget-image\" data-id=\"cd1e3a2\" data-element_type=\"widget\" data-e-type=\"widget\" data-widget_type=\"image.default\">\n\t\t\t\t<div class=\"elementor-widget-container\">\n\t\t\t\t\t\t\t\t\t\t\t\t\t\t\t\t<a href=\"https:\/\/businessenglishavenue.com\/wp-content\/uploads\/2024\/09\/2.jpg\" data-elementor-open-lightbox=\"yes\" data-e-action-hash=\"#elementor-action%3Aaction%3Dlightbox%26settings%3DeyJpZCI6MTE4NCwidXJsIjoiaHR0cHM6XC9cL2J1c2luZXNzZW5nbGlzaGF2ZW51ZS5jb21cL3dwLWNvbnRlbnRcL3VwbG9hZHNcLzIwMjRcLzA5XC8yLmpwZyJ9\">\n\t\t\t\t\t\t\t<img decoding=\"async\" width=\"500\" height=\"500\" src=\"https:\/\/businessenglishavenue.com\/wp-content\/uploads\/2024\/09\/2.jpg\" class=\"attachment-full size-full wp-image-1184\" alt=\"\" srcset=\"https:\/\/businessenglishavenue.com\/wp-content\/uploads\/2024\/09\/2.jpg 500w, https:\/\/businessenglishavenue.com\/wp-content\/uploads\/2024\/09\/2-300x300.jpg 300w, https:\/\/businessenglishavenue.com\/wp-content\/uploads\/2024\/09\/2-100x100.jpg 100w, https:\/\/businessenglishavenue.com\/wp-content\/uploads\/2024\/09\/2-150x150.jpg 150w\" sizes=\"(max-width: 500px) 100vw, 500px\" \/>\t\t\t\t\t\t\t\t<\/a>\n\t\t\t\t\t\t\t\t\t\t\t\t\t\t\t<\/div>\n\t\t\t\t<\/div>\n\t\t\t\t<\/div>\n\t\t<div class=\"elementor-element elementor-element-ca39cc3 e-con-full e-flex e-con e-child\" data-id=\"ca39cc3\" data-element_type=\"container\" data-e-type=\"container\">\n\t\t\t\t<div class=\"elementor-element elementor-element-ddeec5b elementor-widget elementor-widget-image\" data-id=\"ddeec5b\" data-element_type=\"widget\" data-e-type=\"widget\" data-widget_type=\"image.default\">\n\t\t\t\t<div class=\"elementor-widget-container\">\n\t\t\t\t\t\t\t\t\t\t\t\t\t\t\t\t<a href=\"https:\/\/businessenglishavenue.com\/wp-content\/uploads\/2024\/09\/292931878_4794657370638443_4282343369158601259_n.jpeg\" data-elementor-open-lightbox=\"yes\" data-e-action-hash=\"#elementor-action%3Aaction%3Dlightbox%26settings%3DeyJpZCI6MTE4NSwidXJsIjoiaHR0cHM6XC9cL2J1c2luZXNzZW5nbGlzaGF2ZW51ZS5jb21cL3dwLWNvbnRlbnRcL3VwbG9hZHNcLzIwMjRcLzA5XC8yOTI5MzE4NzhfNDc5NDY1NzM3MDYzODQ0M180MjgyMzQzMzY5MTU4NjAxMjU5X24uanBlZyJ9\">\n\t\t\t\t\t\t\t<img loading=\"lazy\" decoding=\"async\" width=\"910\" height=\"668\" src=\"https:\/\/businessenglishavenue.com\/wp-content\/uploads\/2024\/09\/292931878_4794657370638443_4282343369158601259_n.jpeg\" class=\"attachment-full size-full wp-image-1185\" alt=\"\" srcset=\"https:\/\/businessenglishavenue.com\/wp-content\/uploads\/2024\/09\/292931878_4794657370638443_4282343369158601259_n.jpeg 910w, https:\/\/businessenglishavenue.com\/wp-content\/uploads\/2024\/09\/292931878_4794657370638443_4282343369158601259_n-600x440.jpeg 600w, https:\/\/businessenglishavenue.com\/wp-content\/uploads\/2024\/09\/292931878_4794657370638443_4282343369158601259_n-300x220.jpeg 300w, https:\/\/businessenglishavenue.com\/wp-content\/uploads\/2024\/09\/292931878_4794657370638443_4282343369158601259_n-768x564.jpeg 768w\" sizes=\"(max-width: 910px) 100vw, 910px\" \/>\t\t\t\t\t\t\t\t<\/a>\n\t\t\t\t\t\t\t\t\t\t\t\t\t\t\t<\/div>\n\t\t\t\t<\/div>\n\t\t\t\t<\/div>\n\t\t\t\t<\/div>\n\t\t\t\t<\/div>\n\t\t\t\t\t<\/div>\n\t\t\t\t<\/div>\n\t\t\t\t<\/div>","protected":false},"excerpt":{"rendered":"<p>About \u00a0I&#8217;m Joshua, a global business English expert dedicated to helping professionals like you master the language of success. With years of experience teaching around the world, I&#8217;m here to guide you on your journey to fluent, confident English. A Global Expert in Business English \u201cLevel Up Your Business English, Unlock New Opportunities\u201d Joshua, originally [&hellip;]<\/p>","protected":false},"author":10,"featured_media":0,"parent":0,"menu_order":0,"comment_status":"closed","ping_status":"closed","template":"","meta":{"site-sidebar-layout":"no-sidebar","site-content-layout":"page-builder","ast-site-content-layout":"default","site-content-style":"default","site-sidebar-style":"default","ast-global-header-display":"","ast-banner-title-visibility":"","ast-main-header-display":"","ast-hfb-above-header-display":"","ast-hfb-below-header-display":"","ast-hfb-mobile-header-display":"","site-post-title":"disabled","ast-breadcrumbs-content":"disabled","ast-featured-img":"disabled","footer-sml-layout":"","ast-disable-related-posts":"","theme-transparent-header-meta":"enabled","adv-header-id-meta":"","stick-header-meta":"","header-above-stick-meta":"","header-main-stick-meta":"","header-below-stick-meta":"","astra-migrate-meta-layouts":"default","ast-page-background-enabled":"default","ast-page-background-meta":{"desktop":{"background-color":"","background-image":"","background-repeat":"repeat","background-position":"center center","background-size":"auto","background-attachment":"scroll","background-type":"","background-media":"","overlay-type":"","overlay-color":"","overlay-opacity":"","overlay-gradient":""},"tablet":{"background-color":"","background-image":"","background-repeat":"repeat","background-position":"center center","background-size":"auto","background-attachment":"scroll","background-type":"","background-media":"","overlay-type":"","overlay-color":"","overlay-opacity":"","overlay-gradient":""},"mobile":{"background-color":"","background-image":"","background-repeat":"repeat","background-position":"center center","background-size":"auto","background-attachment":"scroll","background-type":"","background-media":"","overlay-type":"","overlay-color":"","overlay-opacity":"","overlay-gradient":""}},"ast-content-background-meta":{"desktop":{"background-color":"var(--ast-global-color-5)","background-image":"","background-repeat":"repeat","background-position":"center center","background-size":"auto","background-attachment":"scroll","background-type":"","background-media":"","overlay-type":"","overlay-color":"","overlay-opacity":"","overlay-gradient":""},"tablet":{"background-color":"var(--ast-global-color-5)","background-image":"","background-repeat":"repeat","background-position":"center center","background-size":"auto","background-attachment":"scroll","background-type":"","background-media":"","overlay-type":"","overlay-color":"","overlay-opacity":"","overlay-gradient":""},"mobile":{"background-color":"var(--ast-global-color-5)","background-image":"","background-repeat":"repeat","background-position":"center center","background-size":"auto","background-attachment":"scroll","background-type":"","background-media":"","overlay-type":"","overlay-color":"","overlay-opacity":"","overlay-gradient":""}},"footnotes":""},"class_list":["post-13","page","type-page","status-publish","hentry"],"yoast_head":"<!-- This site is optimized with the Yoast SEO plugin v27.4 - https:\/\/yoast.com\/product\/yoast-seo-wordpress\/ -->\n<title>About - English Avenue<\/title>\n<meta name=\"robots\" content=\"index, follow, max-snippet:-1, max-image-preview:large, max-video-preview:-1\" \/>\n<link rel=\"canonical\" href=\"https:\/\/businessenglishavenue.com\/es\/about\/\" \/>\n<meta property=\"og:locale\" content=\"es_ES\" \/>\n<meta property=\"og:type\" content=\"article\" \/>\n<meta property=\"og:title\" content=\"About - English Avenue\" \/>\n<meta property=\"og:description\" content=\"About \u00a0I&#8217;m Joshua, a global business English expert dedicated to helping professionals like you master the language of success. With years of experience teaching around the world, I&#8217;m here to guide you on your journey to fluent, confident English. A Global Expert in Business English \u201cLevel Up Your Business English, Unlock New Opportunities\u201d Joshua, originally [&hellip;]\" \/>\n<meta property=\"og:url\" content=\"https:\/\/businessenglishavenue.com\/es\/about\/\" \/>\n<meta property=\"og:site_name\" content=\"English Avenue\" \/>\n<meta property=\"article:modified_time\" content=\"2025-05-20T15:52:25+00:00\" \/>\n<meta property=\"og:image\" content=\"https:\/\/businessenglishavenue.com\/wp-content\/uploads\/2024\/09\/b9e2ba05-3cb2-48b4-8782-a0949bf7ed6f-1.jpg\" \/>\n\t<meta property=\"og:image:width\" content=\"768\" \/>\n\t<meta property=\"og:image:height\" content=\"938\" \/>\n\t<meta property=\"og:image:type\" content=\"image\/jpeg\" \/>\n<meta name=\"twitter:card\" content=\"summary_large_image\" \/>\n<script type=\"application\/ld+json\" class=\"yoast-schema-graph\">{\"@context\":\"https:\\\/\\\/schema.org\",\"@graph\":[{\"@type\":\"WebPage\",\"@id\":\"https:\\\/\\\/businessenglishavenue.com\\\/about\\\/\",\"url\":\"https:\\\/\\\/businessenglishavenue.com\\\/about\\\/\",\"name\":\"About - English Avenue\",\"isPartOf\":{\"@id\":\"https:\\\/\\\/businessenglishavenue.com\\\/#website\"},\"primaryImageOfPage\":{\"@id\":\"https:\\\/\\\/businessenglishavenue.com\\\/about\\\/#primaryimage\"},\"image\":{\"@id\":\"https:\\\/\\\/businessenglishavenue.com\\\/about\\\/#primaryimage\"},\"thumbnailUrl\":\"https:\\\/\\\/businessenglishavenue.com\\\/wp-content\\\/uploads\\\/2024\\\/09\\\/b9e2ba05-3cb2-48b4-8782-a0949bf7ed6f-1.jpg\",\"datePublished\":\"2024-09-26T12:06:21+00:00\",\"dateModified\":\"2025-05-20T15:52:25+00:00\",\"breadcrumb\":{\"@id\":\"https:\\\/\\\/businessenglishavenue.com\\\/about\\\/#breadcrumb\"},\"inLanguage\":\"es\",\"potentialAction\":[{\"@type\":\"ReadAction\",\"target\":[\"https:\\\/\\\/businessenglishavenue.com\\\/about\\\/\"]}]},{\"@type\":\"ImageObject\",\"inLanguage\":\"es\",\"@id\":\"https:\\\/\\\/businessenglishavenue.com\\\/about\\\/#primaryimage\",\"url\":\"https:\\\/\\\/businessenglishavenue.com\\\/wp-content\\\/uploads\\\/2024\\\/09\\\/b9e2ba05-3cb2-48b4-8782-a0949bf7ed6f-1.jpg\",\"contentUrl\":\"https:\\\/\\\/businessenglishavenue.com\\\/wp-content\\\/uploads\\\/2024\\\/09\\\/b9e2ba05-3cb2-48b4-8782-a0949bf7ed6f-1.jpg\"},{\"@type\":\"BreadcrumbList\",\"@id\":\"https:\\\/\\\/businessenglishavenue.com\\\/about\\\/#breadcrumb\",\"itemListElement\":[{\"@type\":\"ListItem\",\"position\":1,\"name\":\"Portada\",\"item\":\"https:\\\/\\\/businessenglishavenue.com\\\/\"},{\"@type\":\"ListItem\",\"position\":2,\"name\":\"About\"}]},{\"@type\":\"WebSite\",\"@id\":\"https:\\\/\\\/businessenglishavenue.com\\\/#website\",\"url\":\"https:\\\/\\\/businessenglishavenue.com\\\/\",\"name\":\"English Avenue\",\"description\":\"Online Meditation Courses Website\",\"publisher\":{\"@id\":\"https:\\\/\\\/businessenglishavenue.com\\\/#organization\"},\"potentialAction\":[{\"@type\":\"SearchAction\",\"target\":{\"@type\":\"EntryPoint\",\"urlTemplate\":\"https:\\\/\\\/businessenglishavenue.com\\\/?s={search_term_string}\"},\"query-input\":{\"@type\":\"PropertyValueSpecification\",\"valueRequired\":true,\"valueName\":\"search_term_string\"}}],\"inLanguage\":\"es\"},{\"@type\":\"Organization\",\"@id\":\"https:\\\/\\\/businessenglishavenue.com\\\/#organization\",\"name\":\"English Avenue\",\"url\":\"https:\\\/\\\/businessenglishavenue.com\\\/\",\"logo\":{\"@type\":\"ImageObject\",\"inLanguage\":\"es\",\"@id\":\"https:\\\/\\\/businessenglishavenue.com\\\/#\\\/schema\\\/logo\\\/image\\\/\",\"url\":\"https:\\\/\\\/businessenglishavenue.com\\\/wp-content\\\/uploads\\\/2024\\\/09\\\/busniess-english-avenue.png\",\"contentUrl\":\"https:\\\/\\\/businessenglishavenue.com\\\/wp-content\\\/uploads\\\/2024\\\/09\\\/busniess-english-avenue.png\",\"width\":601,\"height\":556,\"caption\":\"English Avenue\"},\"image\":{\"@id\":\"https:\\\/\\\/businessenglishavenue.com\\\/#\\\/schema\\\/logo\\\/image\\\/\"}}]}<\/script>\n<!-- \/ Yoast SEO plugin. -->","yoast_head_json":{"title":"About - English Avenue","robots":{"index":"index","follow":"follow","max-snippet":"max-snippet:-1","max-image-preview":"max-image-preview:large","max-video-preview":"max-video-preview:-1"},"canonical":"https:\/\/businessenglishavenue.com\/es\/about\/","og_locale":"es_ES","og_type":"article","og_title":"About - English Avenue","og_description":"About \u00a0I&#8217;m Joshua, a global business English expert dedicated to helping professionals like you master the language of success. With years of experience teaching around the world, I&#8217;m here to guide you on your journey to fluent, confident English. A Global Expert in Business English \u201cLevel Up Your Business English, Unlock New Opportunities\u201d Joshua, originally [&hellip;]","og_url":"https:\/\/businessenglishavenue.com\/es\/about\/","og_site_name":"English Avenue","article_modified_time":"2025-05-20T15:52:25+00:00","og_image":[{"width":768,"height":938,"url":"https:\/\/businessenglishavenue.com\/wp-content\/uploads\/2024\/09\/b9e2ba05-3cb2-48b4-8782-a0949bf7ed6f-1.jpg","type":"image\/jpeg"}],"twitter_card":"summary_large_image","schema":{"@context":"https:\/\/schema.org","@graph":[{"@type":"WebPage","@id":"https:\/\/businessenglishavenue.com\/about\/","url":"https:\/\/businessenglishavenue.com\/about\/","name":"About - English Avenue","isPartOf":{"@id":"https:\/\/businessenglishavenue.com\/#website"},"primaryImageOfPage":{"@id":"https:\/\/businessenglishavenue.com\/about\/#primaryimage"},"image":{"@id":"https:\/\/businessenglishavenue.com\/about\/#primaryimage"},"thumbnailUrl":"https:\/\/businessenglishavenue.com\/wp-content\/uploads\/2024\/09\/b9e2ba05-3cb2-48b4-8782-a0949bf7ed6f-1.jpg","datePublished":"2024-09-26T12:06:21+00:00","dateModified":"2025-05-20T15:52:25+00:00","breadcrumb":{"@id":"https:\/\/businessenglishavenue.com\/about\/#breadcrumb"},"inLanguage":"es","potentialAction":[{"@type":"ReadAction","target":["https:\/\/businessenglishavenue.com\/about\/"]}]},{"@type":"ImageObject","inLanguage":"es","@id":"https:\/\/businessenglishavenue.com\/about\/#primaryimage","url":"https:\/\/businessenglishavenue.com\/wp-content\/uploads\/2024\/09\/b9e2ba05-3cb2-48b4-8782-a0949bf7ed6f-1.jpg","contentUrl":"https:\/\/businessenglishavenue.com\/wp-content\/uploads\/2024\/09\/b9e2ba05-3cb2-48b4-8782-a0949bf7ed6f-1.jpg"},{"@type":"BreadcrumbList","@id":"https:\/\/businessenglishavenue.com\/about\/#breadcrumb","itemListElement":[{"@type":"ListItem","position":1,"name":"Portada","item":"https:\/\/businessenglishavenue.com\/"},{"@type":"ListItem","position":2,"name":"About"}]},{"@type":"WebSite","@id":"https:\/\/businessenglishavenue.com\/#website","url":"https:\/\/businessenglishavenue.com\/","name":"Avenida de Inglaterra","description":"P\u00e1gina web de cursos de meditaci\u00f3n en l\u00ednea","publisher":{"@id":"https:\/\/businessenglishavenue.com\/#organization"},"potentialAction":[{"@type":"SearchAction","target":{"@type":"EntryPoint","urlTemplate":"https:\/\/businessenglishavenue.com\/?s={search_term_string}"},"query-input":{"@type":"PropertyValueSpecification","valueRequired":true,"valueName":"search_term_string"}}],"inLanguage":"es"},{"@type":"Organization","@id":"https:\/\/businessenglishavenue.com\/#organization","name":"Avenida de Inglaterra","url":"https:\/\/businessenglishavenue.com\/","logo":{"@type":"ImageObject","inLanguage":"es","@id":"https:\/\/businessenglishavenue.com\/#\/schema\/logo\/image\/","url":"https:\/\/businessenglishavenue.com\/wp-content\/uploads\/2024\/09\/busniess-english-avenue.png","contentUrl":"https:\/\/businessenglishavenue.com\/wp-content\/uploads\/2024\/09\/busniess-english-avenue.png","width":601,"height":556,"caption":"English Avenue"},"image":{"@id":"https:\/\/businessenglishavenue.com\/#\/schema\/logo\/image\/"}}]}},"_links":{"self":[{"href":"https:\/\/businessenglishavenue.com\/es\/wp-json\/wp\/v2\/pages\/13","targetHints":{"allow":["GET"]}}],"collection":[{"href":"https:\/\/businessenglishavenue.com\/es\/wp-json\/wp\/v2\/pages"}],"about":[{"href":"https:\/\/businessenglishavenue.com\/es\/wp-json\/wp\/v2\/types\/page"}],"author":[{"embeddable":true,"href":"https:\/\/businessenglishavenue.com\/es\/wp-json\/wp\/v2\/users\/10"}],"replies":[{"embeddable":true,"href":"https:\/\/businessenglishavenue.com\/es\/wp-json\/wp\/v2\/comments?post=13"}],"version-history":[{"count":59,"href":"https:\/\/businessenglishavenue.com\/es\/wp-json\/wp\/v2\/pages\/13\/revisions"}],"predecessor-version":[{"id":2568,"href":"https:\/\/businessenglishavenue.com\/es\/wp-json\/wp\/v2\/pages\/13\/revisions\/2568"}],"wp:attachment":[{"href":"https:\/\/businessenglishavenue.com\/es\/wp-json\/wp\/v2\/media?parent=13"}],"curies":[{"name":"wp","href":"https:\/\/api.w.org\/{rel}","templated":true}]}}